{"id":51034,"date":"2023-03-04T16:00:54","date_gmt":"2023-03-04T16:00:54","guid":{"rendered":"https:\/\/artanya.si\/?post_type=product&#038;p=51034"},"modified":"2023-03-04T16:04:59","modified_gmt":"2023-03-04T16:04:59","slug":"achmea-zamioculcas-ginseng-mix","status":"publish","type":"product","link":"https:\/\/artanya.si\/en\/product\/achmea-zamioculcas-ginseng-mix\/","title":{"rendered":"Achmea, Zamioculcas, Ginseng Mix"},"content":{"rendered":"","protected":false},"excerpt":{"rendered":"<p>Mix sobnih rastlin, <em>vsaka se lahko kupi posamezno<\/em>. V ceno v\u0161teta ko\u0161arica ali dekorativni lon\u010dek.<br \/>\nDimenzije:<br \/>\nV: 30-50 cm, \u0160: 25 cm<\/p>\n<p><em>Pri zaklju\u010dku naro\u010dila pod &#8220;Opombe&#8221; dodati katero rastlino bi raje posamezno. Tako se vam tudi prilagodi nova cena. Pla\u010dilo po povzetju ali po predra\u010dunu.<\/em><\/p>","protected":false},"featured_media":51016,"comment_status":"open","ping_status":"closed","template":"","meta":{"_et_pb_use_builder":"","_et_pb_old_content":"","_et_gb_content_width":""},"product_brand":[],"product_cat":[44,47],"product_tag":[46],"class_list":{"0":"post-51034","1":"product","2":"type-product","3":"status-publish","4":"has-post-thumbnail","6":"product_cat-rastline","7":"product_cat-sobne-rastline","8":"product_tag-rastline","10":"first","11":"instock","12":"shipping-taxable","13":"purchasable","14":"product-type-simple"},"_links":{"self":[{"href":"https:\/\/artanya.si\/en\/wp-json\/wp\/v2\/product\/51034","targetHints":{"allow":["GET"]}}],"collection":[{"href":"https:\/\/artanya.si\/en\/wp-json\/wp\/v2\/product"}],"about":[{"href":"https:\/\/artanya.si\/en\/wp-json\/wp\/v2\/types\/product"}],"replies":[{"embeddable":true,"href":"https:\/\/artanya.si\/en\/wp-json\/wp\/v2\/comments?post=51034"}],"wp:featuredmedia":[{"embeddable":true,"href":"https:\/\/artanya.si\/en\/wp-json\/wp\/v2\/media\/51016"}],"wp:attachment":[{"href":"https:\/\/artanya.si\/en\/wp-json\/wp\/v2\/media?parent=51034"}],"wp:term":[{"taxonomy":"product_brand","embeddable":true,"href":"https:\/\/artanya.si\/en\/wp-json\/wp\/v2\/product_brand?post=51034"},{"taxonomy":"product_cat","embeddable":true,"href":"https:\/\/artanya.si\/en\/wp-json\/wp\/v2\/product_cat?post=51034"},{"taxonomy":"product_tag","embeddable":true,"href":"https:\/\/artanya.si\/en\/wp-json\/wp\/v2\/product_tag?post=51034"}],"curies":[{"name":"wp","href":"https:\/\/api.w.org\/{rel}","templated":true}]}}