{"id":51032,"date":"2023-03-04T15:58:18","date_gmt":"2023-03-04T15:58:18","guid":{"rendered":"https:\/\/artanya.si\/?post_type=product&#038;p=51032"},"modified":"2023-03-04T15:59:19","modified_gmt":"2023-03-04T15:59:19","slug":"viseca-hedera","status":"publish","type":"product","link":"https:\/\/artanya.si\/en\/product\/viseca-hedera\/","title":{"rendered":"Vise\u010da Hedera"},"content":{"rendered":"","protected":false},"excerpt":{"rendered":"<p>Vise\u010di br\u0161ljan s pisanimi listi v vise\u010dki.<br \/>\nDimenzije:<br \/>\nV: 40-50cm, \u0160: 20 cm<\/p>","protected":false},"featured_media":51019,"comment_status":"open","ping_status":"closed","template":"","meta":{"_et_pb_use_builder":"","_et_pb_old_content":"","_et_gb_content_width":""},"product_brand":[],"product_cat":[44,47],"product_tag":[46],"class_list":{"0":"post-51032","1":"product","2":"type-product","3":"status-publish","4":"has-post-thumbnail","6":"product_cat-rastline","7":"product_cat-sobne-rastline","8":"product_tag-rastline","10":"first","11":"instock","12":"shipping-taxable","13":"purchasable","14":"product-type-simple"},"_links":{"self":[{"href":"https:\/\/artanya.si\/en\/wp-json\/wp\/v2\/product\/51032","targetHints":{"allow":["GET"]}}],"collection":[{"href":"https:\/\/artanya.si\/en\/wp-json\/wp\/v2\/product"}],"about":[{"href":"https:\/\/artanya.si\/en\/wp-json\/wp\/v2\/types\/product"}],"replies":[{"embeddable":true,"href":"https:\/\/artanya.si\/en\/wp-json\/wp\/v2\/comments?post=51032"}],"wp:featuredmedia":[{"embeddable":true,"href":"https:\/\/artanya.si\/en\/wp-json\/wp\/v2\/media\/51019"}],"wp:attachment":[{"href":"https:\/\/artanya.si\/en\/wp-json\/wp\/v2\/media?parent=51032"}],"wp:term":[{"taxonomy":"product_brand","embeddable":true,"href":"https:\/\/artanya.si\/en\/wp-json\/wp\/v2\/product_brand?post=51032"},{"taxonomy":"product_cat","embeddable":true,"href":"https:\/\/artanya.si\/en\/wp-json\/wp\/v2\/product_cat?post=51032"},{"taxonomy":"product_tag","embeddable":true,"href":"https:\/\/artanya.si\/en\/wp-json\/wp\/v2\/product_tag?post=51032"}],"curies":[{"name":"wp","href":"https:\/\/api.w.org\/{rel}","templated":true}]}}