{"id":51015,"date":"2023-03-04T15:45:52","date_gmt":"2023-03-04T15:45:52","guid":{"rendered":"https:\/\/artanya.si\/?post_type=product&#038;p=51015"},"modified":"2023-03-04T15:55:57","modified_gmt":"2023-03-04T15:55:57","slug":"zamioculcas-in-oljka","status":"publish","type":"product","link":"https:\/\/artanya.si\/en\/product\/zamioculcas-in-oljka\/","title":{"rendered":"Zamioculcas in oljka"},"content":{"rendered":"","protected":false},"excerpt":{"rendered":"<p>Lon\u010dnica zamioculcasa in ojlke. Zamija je zelo trpe\u017ena rastlina, ki uspeva tudi v najtemnej\u0161ih koti\u010dkih. Za oljko pa \u017ee vemo, da ne potrebuje veliko.<br \/>\nDimenzije:<br \/>\nV: 20-25 cm<\/p>\n<p><strong><em>Ko\u0161are niso v\u0161tete v ceno.<\/em><\/strong><\/p>","protected":false},"featured_media":51026,"comment_status":"open","ping_status":"closed","template":"","meta":{"_et_pb_use_builder":"","_et_pb_old_content":"","_et_gb_content_width":""},"product_brand":[],"product_cat":[44,47],"product_tag":[46],"class_list":{"0":"post-51015","1":"product","2":"type-product","3":"status-publish","4":"has-post-thumbnail","6":"product_cat-rastline","7":"product_cat-sobne-rastline","8":"product_tag-rastline","10":"first","11":"instock","12":"shipping-taxable","13":"purchasable","14":"product-type-simple"},"_links":{"self":[{"href":"https:\/\/artanya.si\/en\/wp-json\/wp\/v2\/product\/51015","targetHints":{"allow":["GET"]}}],"collection":[{"href":"https:\/\/artanya.si\/en\/wp-json\/wp\/v2\/product"}],"about":[{"href":"https:\/\/artanya.si\/en\/wp-json\/wp\/v2\/types\/product"}],"replies":[{"embeddable":true,"href":"https:\/\/artanya.si\/en\/wp-json\/wp\/v2\/comments?post=51015"}],"wp:featuredmedia":[{"embeddable":true,"href":"https:\/\/artanya.si\/en\/wp-json\/wp\/v2\/media\/51026"}],"wp:attachment":[{"href":"https:\/\/artanya.si\/en\/wp-json\/wp\/v2\/media?parent=51015"}],"wp:term":[{"taxonomy":"product_brand","embeddable":true,"href":"https:\/\/artanya.si\/en\/wp-json\/wp\/v2\/product_brand?post=51015"},{"taxonomy":"product_cat","embeddable":true,"href":"https:\/\/artanya.si\/en\/wp-json\/wp\/v2\/product_cat?post=51015"},{"taxonomy":"product_tag","embeddable":true,"href":"https:\/\/artanya.si\/en\/wp-json\/wp\/v2\/product_tag?post=51015"}],"curies":[{"name":"wp","href":"https:\/\/api.w.org\/{rel}","templated":true}]}}