{"id":51006,"date":"2023-03-04T15:27:20","date_gmt":"2023-03-04T15:27:20","guid":{"rendered":"https:\/\/artanya.si\/?post_type=product&#038;p=51006"},"modified":"2023-03-04T15:35:46","modified_gmt":"2023-03-04T15:35:46","slug":"pampas-vencek-ardeo","status":"publish","type":"product","link":"https:\/\/artanya.si\/en\/product\/pampas-vencek-ardeo\/","title":{"rendered":"Pampas ven\u010dek Ardeo"},"content":{"rendered":"","protected":false},"excerpt":{"rendered":"<p>Ro\u010dno pleten ven\u010dek iz pampasa z elektronsko sve\u010dko Ardeo<br \/>\nDimenzije:<br \/>\nV: 15 cm, \u0160: 25 cm<\/p>\n<p><strong><em>TEGA ARTIKLA NE PO\u0160ILJAMO PO PO\u0160TI!<\/em><\/strong><\/p>","protected":false},"featured_media":50996,"comment_status":"open","ping_status":"closed","template":"","meta":{"_et_pb_use_builder":"","_et_pb_old_content":"","_et_gb_content_width":""},"product_brand":[],"product_cat":[38],"product_tag":[37],"class_list":{"0":"post-51006","1":"product","2":"type-product","3":"status-publish","4":"has-post-thumbnail","6":"product_cat-suho-cvetje","7":"product_tag-suho-cvetje","9":"first","10":"instock","11":"shipping-taxable","12":"purchasable","13":"product-type-simple"},"_links":{"self":[{"href":"https:\/\/artanya.si\/en\/wp-json\/wp\/v2\/product\/51006","targetHints":{"allow":["GET"]}}],"collection":[{"href":"https:\/\/artanya.si\/en\/wp-json\/wp\/v2\/product"}],"about":[{"href":"https:\/\/artanya.si\/en\/wp-json\/wp\/v2\/types\/product"}],"replies":[{"embeddable":true,"href":"https:\/\/artanya.si\/en\/wp-json\/wp\/v2\/comments?post=51006"}],"wp:featuredmedia":[{"embeddable":true,"href":"https:\/\/artanya.si\/en\/wp-json\/wp\/v2\/media\/50996"}],"wp:attachment":[{"href":"https:\/\/artanya.si\/en\/wp-json\/wp\/v2\/media?parent=51006"}],"wp:term":[{"taxonomy":"product_brand","embeddable":true,"href":"https:\/\/artanya.si\/en\/wp-json\/wp\/v2\/product_brand?post=51006"},{"taxonomy":"product_cat","embeddable":true,"href":"https:\/\/artanya.si\/en\/wp-json\/wp\/v2\/product_cat?post=51006"},{"taxonomy":"product_tag","embeddable":true,"href":"https:\/\/artanya.si\/en\/wp-json\/wp\/v2\/product_tag?post=51006"}],"curies":[{"name":"wp","href":"https:\/\/api.w.org\/{rel}","templated":true}]}}