{"id":50512,"date":"2022-11-09T19:28:14","date_gmt":"2022-11-09T19:28:14","guid":{"rendered":"https:\/\/artanya.si\/?post_type=product&#038;p=50512"},"modified":"2022-11-16T20:30:56","modified_gmt":"2022-11-16T20:30:56","slug":"sopek-sun","status":"publish","type":"product","link":"https:\/\/artanya.si\/en\/product\/sopek-sun\/","title":{"rendered":"\u0160opek Sun"},"content":{"rendered":"","protected":false},"excerpt":{"rendered":"<p class=\"Standard\"><span lang=\"SL\">\u0160opek son\u010dnic z eucaliptusom v ne\u017eni juti.<\/span><\/p>","protected":false},"featured_media":50805,"comment_status":"open","ping_status":"closed","template":"","meta":{"_et_pb_use_builder":"","_et_pb_old_content":"","_et_gb_content_width":""},"product_brand":[],"product_cat":[39],"product_tag":[41],"class_list":{"0":"post-50512","1":"product","2":"type-product","3":"status-publish","4":"has-post-thumbnail","6":"product_cat-sopki","7":"product_tag-sopki","9":"first","10":"instock","11":"shipping-taxable","12":"purchasable","13":"product-type-simple"},"_links":{"self":[{"href":"https:\/\/artanya.si\/en\/wp-json\/wp\/v2\/product\/50512","targetHints":{"allow":["GET"]}}],"collection":[{"href":"https:\/\/artanya.si\/en\/wp-json\/wp\/v2\/product"}],"about":[{"href":"https:\/\/artanya.si\/en\/wp-json\/wp\/v2\/types\/product"}],"replies":[{"embeddable":true,"href":"https:\/\/artanya.si\/en\/wp-json\/wp\/v2\/comments?post=50512"}],"wp:featuredmedia":[{"embeddable":true,"href":"https:\/\/artanya.si\/en\/wp-json\/wp\/v2\/media\/50805"}],"wp:attachment":[{"href":"https:\/\/artanya.si\/en\/wp-json\/wp\/v2\/media?parent=50512"}],"wp:term":[{"taxonomy":"product_brand","embeddable":true,"href":"https:\/\/artanya.si\/en\/wp-json\/wp\/v2\/product_brand?post=50512"},{"taxonomy":"product_cat","embeddable":true,"href":"https:\/\/artanya.si\/en\/wp-json\/wp\/v2\/product_cat?post=50512"},{"taxonomy":"product_tag","embeddable":true,"href":"https:\/\/artanya.si\/en\/wp-json\/wp\/v2\/product_tag?post=50512"}],"curies":[{"name":"wp","href":"https:\/\/api.w.org\/{rel}","templated":true}]}}