{"id":50508,"date":"2022-11-09T19:22:45","date_gmt":"2022-11-09T19:22:45","guid":{"rendered":"https:\/\/artanya.si\/?post_type=product&#038;p=50508"},"modified":"2022-11-16T20:32:06","modified_gmt":"2022-11-16T20:32:06","slug":"sopek-spring","status":"publish","type":"product","link":"https:\/\/artanya.si\/en\/product\/sopek-spring\/","title":{"rendered":"\u0160opek Spring"},"content":{"rendered":"","protected":false},"excerpt":{"rendered":"<p class=\"Standard\"><span lang=\"SL\">\u0160opek spomladanskega cvetja.<br \/>\nVe\u010dne vrtnice v dru\u017ebi tulipanov in nagelj\u010dkov, popestreni z ginestro v okrasnem trendi papirju.<br \/>\nD<\/span><span lang=\"SL\">imenzije: vi\u0161ina 40 cm, \u0161irina 25 cm<\/span><\/p>","protected":false},"featured_media":50389,"comment_status":"open","ping_status":"closed","template":"","meta":{"_et_pb_use_builder":"","_et_pb_old_content":"","_et_gb_content_width":""},"product_brand":[],"product_cat":[39],"product_tag":[41],"class_list":{"0":"post-50508","1":"product","2":"type-product","3":"status-publish","4":"has-post-thumbnail","6":"product_cat-sopki","7":"product_tag-sopki","9":"first","10":"instock","11":"shipping-taxable","12":"purchasable","13":"product-type-simple"},"_links":{"self":[{"href":"https:\/\/artanya.si\/en\/wp-json\/wp\/v2\/product\/50508","targetHints":{"allow":["GET"]}}],"collection":[{"href":"https:\/\/artanya.si\/en\/wp-json\/wp\/v2\/product"}],"about":[{"href":"https:\/\/artanya.si\/en\/wp-json\/wp\/v2\/types\/product"}],"replies":[{"embeddable":true,"href":"https:\/\/artanya.si\/en\/wp-json\/wp\/v2\/comments?post=50508"}],"wp:featuredmedia":[{"embeddable":true,"href":"https:\/\/artanya.si\/en\/wp-json\/wp\/v2\/media\/50389"}],"wp:attachment":[{"href":"https:\/\/artanya.si\/en\/wp-json\/wp\/v2\/media?parent=50508"}],"wp:term":[{"taxonomy":"product_brand","embeddable":true,"href":"https:\/\/artanya.si\/en\/wp-json\/wp\/v2\/product_brand?post=50508"},{"taxonomy":"product_cat","embeddable":true,"href":"https:\/\/artanya.si\/en\/wp-json\/wp\/v2\/product_cat?post=50508"},{"taxonomy":"product_tag","embeddable":true,"href":"https:\/\/artanya.si\/en\/wp-json\/wp\/v2\/product_tag?post=50508"}],"curies":[{"name":"wp","href":"https:\/\/api.w.org\/{rel}","templated":true}]}}