{"id":52,"date":"2022-06-15T19:29:54","date_gmt":"2022-06-15T19:29:54","guid":{"rendered":"https:\/\/artanya.si\/?page_id=52"},"modified":"2022-11-15T20:20:33","modified_gmt":"2022-11-15T20:20:33","slug":"o-nas","status":"publish","type":"page","link":"https:\/\/artanya.si\/en\/o-nas\/","title":{"rendered":"O nas"},"content":{"rendered":"<p>[et_pb_section fb_built=&#8221;1&#8243; fullwidth=&#8221;on&#8221; _builder_version=&#8221;4.17.3&#8243; _module_preset=&#8221;default&#8221; background_enable_color=&#8221;off&#8221; background_image=&#8221;https:\/\/artanya.si\/wp-content\/uploads\/2022\/08\/Artanya_Krupa_okrasevanje_porok.jpg&#8221; min_height=&#8221;50vh&#8221; min_height_tablet=&#8221;50vh&#8221; min_height_phone=&#8221;50vh&#8221; min_height_last_edited=&#8221;on|phone&#8221; bottom_divider_style=&#8221;curve2&#8243; bottom_divider_color=&#8221;#FFFFFF&#8221; bottom_divider_height=&#8221;2em&#8221; bottom_divider_height_tablet=&#8221;2em&#8221; bottom_divider_height_phone=&#8221;2em&#8221; bottom_divider_height_last_edited=&#8221;on|phone&#8221; global_colors_info=&#8221;{}&#8221;][et_pb_fullwidth_header _builder_version=&#8221;4.17.3&#8243; _module_preset=&#8221;default&#8221; global_colors_info=&#8221;{}&#8221;][\/et_pb_fullwidth_header][\/et_pb_section][et_pb_section fb_built=&#8221;1&#8243; custom_padding_last_edited=&#8221;on|phone&#8221; _builder_version=&#8221;4.17.3&#8243; custom_padding=&#8221;2em||2em||true|false&#8221; custom_padding_tablet=&#8221;0px||0px||true|false&#8221; custom_padding_phone=&#8221;0px||0px||true|false&#8221; global_colors_info=&#8221;{}&#8221;][et_pb_row column_structure=&#8221;1_2,1_4,1_4&#8243; use_custom_gutter=&#8221;on&#8221; gutter_width=&#8221;2&#8243; make_equal=&#8221;on&#8221; _builder_version=&#8221;4.17.3&#8243; width_tablet=&#8221;90%&#8221; width_phone=&#8221;95%&#8221; width_last_edited=&#8221;on|phone&#8221; max_width=&#8221;100%&#8221; module_alignment=&#8221;center&#8221; hover_enabled=&#8221;0&#8243; module_alignment_tablet=&#8221;&#8221; module_alignment_phone=&#8221;center&#8221; module_alignment_last_edited=&#8221;on|phone&#8221; global_colors_info=&#8221;{}&#8221; sticky_enabled=&#8221;0&#8243;][et_pb_column type=&#8221;1_2&#8243; _builder_version=&#8221;4.16&#8243; custom_padding=&#8221;|106px|||false|false&#8221; custom_padding_tablet=&#8221;|0px|||false|false&#8221; custom_padding_phone=&#8221;|0px|||false|false&#8221; custom_padding_last_edited=&#8221;on|tablet&#8221; global_colors_info=&#8221;{}&#8221;][et_pb_text _builder_version=&#8221;4.17.3&#8243; header_font=&#8221;DM Serif Display|700|||||||&#8221; header_text_color=&#8221;#E0B7B8&#8243; header_font_size=&#8221;4rem&#8221; header_line_height=&#8221;1.3em&#8221; custom_margin_tablet=&#8221;-12px||13px||false|false&#8221; custom_margin_phone=&#8221;-12px||13px||false|false&#8221; custom_margin_last_edited=&#8221;on|phone&#8221; custom_padding=&#8221;13px||||false|false&#8221; hover_enabled=&#8221;0&#8243; header_font_size_tablet=&#8221;3rem&#8221; header_font_size_phone=&#8221;2.5rem&#8221; header_font_size_last_edited=&#8221;on|phone&#8221; global_colors_info=&#8221;{}&#8221; sticky_enabled=&#8221;0&#8243;]<\/p>\n<h1>Kdo smo&#8230;<\/h1>\n<p>[\/et_pb_text][et_pb_text _builder_version=&#8221;4.17.3&#8243; text_font=&#8221;Poppins|300|||||||&#8221; text_text_color=&#8221;#000000&#8243; text_font_size=&#8221;1rem&#8221; text_line_height=&#8221;1.6em&#8221; custom_margin=&#8221;-4px||||false|false&#8221; text_font_size_phone=&#8221;0.8rem&#8221; text_font_size_last_edited=&#8221;off|desktop&#8221; global_colors_info=&#8221;{}&#8221;]<\/p>\n<p class=\"Standard\"><span lang=\"SL\">Smo ekipa, ki ima \u017ee veliko izku\u0161enj v floristiki. Namre\u010d s cvetjem smo obkro\u017eeni \u017ee ve\u010d kot <strong>30 let<\/strong>, saj smo dru\u017einska ekipa, kjer so na\u0161a \u017eivljenja, prepletena s tem kar delamo. Tako, da velikokrat re\u010demo, da smo sre\u010dni, ker ne rabimo hoditi v slu\u017ebo, ampak delamo tisto kar nas veseli.<o:p><\/o:p><\/span><\/p>\n<p class=\"Standard\"><span lang=\"SL\">Artanya je veja na\u0161e cvetli\u010darne, ki deluje v sosednji Hrva\u0161ki in ker je pandemija naredila svoje spremembe, smo se tudi mi morali prilagoditi novonastali situaciji. Kot re\u010dejo, za vsako zlo, nekaj dobrega. Tako je na\u0161e zlo, se prelevilo v nekaj odli\u010dnega. Nastala je Artanya!<o:p><\/o:p><\/span><\/p>\n<p class=\"Standard\"><span lang=\"SL\">Pri nas obo\u017eujemo cvetje, detalje in pa poroke. Pazimo da z izbiro materialov, barvami, oblikami sledimo trenutnim globalnim trendom.<o:p><\/o:p><\/span><\/p>\n<p class=\"Standard\"><span lang=\"SL\">Najbolj sre\u010dni smo ko namamimo sre\u010do in nasmeh na va\u0161a lica z na\u0161imi cvetli\u010dnimi zgodbami.<o:p><\/o:p><\/span><\/p>\n<p>[\/et_pb_text][\/et_pb_column][et_pb_column type=&#8221;1_4&#8243; _builder_version=&#8221;4.17.3&#8243; custom_padding_tablet=&#8221;0em||||false|false&#8221; custom_padding_phone=&#8221;0em||||false|false&#8221; custom_padding_last_edited=&#8221;off|desktop&#8221; hover_enabled=&#8221;0&#8243; global_colors_info=&#8221;{}&#8221; sticky_enabled=&#8221;0&#8243;][et_pb_image src=&#8221;https:\/\/artanya.si\/wp-content\/uploads\/2022\/06\/Poroc\u030cna_dekoracija_avtomobilov_Artanya.jpg&#8221; title_text=&#8221;Poroc\u030cna_dekoracija_avtomobilov_Artanya&#8221; _builder_version=&#8221;4.17.3&#8243; max_width=&#8221;80%&#8221; max_width_tablet=&#8221;100%&#8221; max_width_phone=&#8221;100%&#8221; max_width_last_edited=&#8221;on|tablet&#8221; module_alignment=&#8221;right&#8221; global_colors_info=&#8221;{}&#8221;][\/et_pb_image][et_pb_image src=&#8221;https:\/\/artanya.si\/wp-content\/uploads\/2022\/08\/Artanya_spletna-trgovina_PIC_Icon.jpg&#8221; title_text=&#8221;Artanya_spletna-trgovina_PIC_Icon&#8221; _builder_version=&#8221;4.17.3&#8243; custom_padding=&#8221;14px||||false|false&#8221; custom_padding_tablet=&#8221;0px||||false|false&#8221; custom_padding_phone=&#8221;0px||||false|false&#8221; custom_padding_last_edited=&#8221;on|desktop&#8221; global_colors_info=&#8221;{}&#8221;][\/et_pb_image][\/et_pb_column][et_pb_column type=&#8221;1_4&#8243; _builder_version=&#8221;4.17.3&#8243; custom_padding=&#8221;||||false|false&#8221; custom_padding_tablet=&#8221;0em||||false|false&#8221; custom_padding_phone=&#8221;0em||||false|false&#8221; custom_padding_last_edited=&#8221;off|desktop&#8221; hover_enabled=&#8221;0&#8243; global_colors_info=&#8221;{}&#8221; sticky_enabled=&#8221;0&#8243;][et_pb_image src=&#8221;https:\/\/artanya.si\/wp-content\/uploads\/2022\/08\/Artanya_Kaj_delamo.jpg&#8221; title_text=&#8221;Artanya_Kaj_delamo&#8221; _builder_version=&#8221;4.17.3&#8243; custom_padding=&#8221;50px||||false|false&#8221; custom_padding_tablet=&#8221;0px||||false|false&#8221; custom_padding_phone=&#8221;0px||||false|false&#8221; custom_padding_last_edited=&#8221;on|desktop&#8221; global_colors_info=&#8221;{}&#8221;][\/et_pb_image][et_pb_image src=&#8221;https:\/\/artanya.si\/wp-content\/uploads\/2022\/08\/Artanya_dekoracija_porok_2.jpg&#8221; title_text=&#8221;Artanya_dekoracija_porok_2&#8243; _builder_version=&#8221;4.17.3&#8243; custom_padding=&#8221;15px||||false|false&#8221; custom_padding_tablet=&#8221;0px||||false|false&#8221; custom_padding_phone=&#8221;0px||||false|false&#8221; custom_padding_last_edited=&#8221;on|tablet&#8221; global_colors_info=&#8221;{}&#8221;][\/et_pb_image][\/et_pb_column][\/et_pb_row][\/et_pb_section]<\/p>","protected":false},"excerpt":{"rendered":"<p>Kdo smo&#8230;Smo ekipa, ki ima \u017ee veliko izku\u0161enj v floristiki. Namre\u010d s cvetjem smo obkro\u017eeni \u017ee ve\u010d kot 30 let, saj smo dru\u017einska ekipa, kjer so na\u0161a \u017eivljenja, prepletena s tem kar delamo. Tako, da velikokrat re\u010demo, da smo sre\u010dni, ker ne rabimo hoditi v slu\u017ebo, ampak delamo tisto kar nas veseli. Artanya je veja [&hellip;]<\/p>","protected":false},"author":1,"featured_media":0,"parent":0,"menu_order":0,"comment_status":"closed","ping_status":"closed","template":"","meta":{"_et_pb_use_builder":"on","_et_pb_old_content":"<!-- wp:divi\/placeholder \/-->","_et_gb_content_width":"","footnotes":""},"class_list":["post-52","page","type-page","status-publish","hentry"],"_links":{"self":[{"href":"https:\/\/artanya.si\/en\/wp-json\/wp\/v2\/pages\/52","targetHints":{"allow":["GET"]}}],"collection":[{"href":"https:\/\/artanya.si\/en\/wp-json\/wp\/v2\/pages"}],"about":[{"href":"https:\/\/artanya.si\/en\/wp-json\/wp\/v2\/types\/page"}],"author":[{"embeddable":true,"href":"https:\/\/artanya.si\/en\/wp-json\/wp\/v2\/users\/1"}],"replies":[{"embeddable":true,"href":"https:\/\/artanya.si\/en\/wp-json\/wp\/v2\/comments?post=52"}],"version-history":[{"count":14,"href":"https:\/\/artanya.si\/en\/wp-json\/wp\/v2\/pages\/52\/revisions"}],"predecessor-version":[{"id":50671,"href":"https:\/\/artanya.si\/en\/wp-json\/wp\/v2\/pages\/52\/revisions\/50671"}],"wp:attachment":[{"href":"https:\/\/artanya.si\/en\/wp-json\/wp\/v2\/media?parent=52"}],"curies":[{"name":"wp","href":"https:\/\/api.w.org\/{rel}","templated":true}]}}