{"id":50935,"date":"2022-11-22T22:07:57","date_gmt":"2022-11-22T22:07:57","guid":{"rendered":"https:\/\/artanya.si\/?page_id=50935"},"modified":"2022-11-22T22:34:46","modified_gmt":"2022-11-22T22:34:46","slug":"splosni-pogoji","status":"publish","type":"page","link":"https:\/\/artanya.si\/en\/splosni-pogoji\/","title":{"rendered":"Splo\u0161ni pogoji poslovanja"},"content":{"rendered":"<p>[et_pb_section fb_built=&#8221;1&#8243; fullwidth=&#8221;on&#8221; custom_padding_last_edited=&#8221;on|phone&#8221; _builder_version=&#8221;4.17.3&#8243; _module_preset=&#8221;default&#8221; background_color=&#8221;#E0B7B8&#8243; background_enable_pattern_style=&#8221;on&#8221; background_pattern_style=&#8221;tufted&#8221; background_pattern_color=&#8221;rgba(255,255,255,0.32)&#8221; custom_margin=&#8221;||||false|false&#8221; custom_padding=&#8221;6em||2em||false|false&#8221; custom_padding_tablet=&#8221;3em||3em||true|false&#8221; custom_padding_phone=&#8221;1em||1em||true|false&#8221; hover_enabled=&#8221;0&#8243; global_colors_info=&#8221;{}&#8221; sticky_enabled=&#8221;0&#8243;][\/et_pb_section][et_pb_section fb_built=&#8221;1&#8243; _builder_version=&#8221;4.17.3&#8243; _module_preset=&#8221;default&#8221; global_colors_info=&#8221;{}&#8221;][et_pb_row _builder_version=&#8221;4.17.3&#8243; _module_preset=&#8221;default&#8221; max_width=&#8221;100%&#8221; hover_enabled=&#8221;0&#8243; global_colors_info=&#8221;{}&#8221; custom_padding=&#8221;|1em||1em|false|true&#8221; sticky_enabled=&#8221;0&#8243; border_color_left=&#8221;#E0B7B8&#8243; border_width_left=&#8221;5px&#8221;][et_pb_column type=&#8221;4_4&#8243; _builder_version=&#8221;4.17.3&#8243; _module_preset=&#8221;default&#8221; global_colors_info=&#8221;{}&#8221;][et_pb_text _builder_version=&#8221;4.17.3&#8243; _module_preset=&#8221;default&#8221; sticky_enabled=&#8221;0&#8243; text_font=&#8221;DM Serif Display|300|||||||&#8221; text_text_color=&#8221;#383838&#8243; text_font_size=&#8221;4rem&#8221; text_font_size_tablet=&#8221;4rem&#8221; text_font_size_phone=&#8221;2rem&#8221; text_font_size_last_edited=&#8221;on|phone&#8221; link_font=&#8221;Poppins|600|||||||&#8221; link_text_color=&#8221;#383838&#8243; link_font_size=&#8221;1rem&#8221; hover_enabled=&#8221;0&#8243;]<\/p>\n<p>Splo\u0161ni pogoji poslovanja<\/p>\n<p>[\/et_pb_text][\/et_pb_column][\/et_pb_row][et_pb_row _builder_version=&#8221;4.17.3&#8243; _module_preset=&#8221;default&#8221; max_width=&#8221;100%&#8221; global_colors_info=&#8221;{}&#8221;][et_pb_column type=&#8221;4_4&#8243; _builder_version=&#8221;4.17.3&#8243; _module_preset=&#8221;default&#8221; global_colors_info=&#8221;{}&#8221;][et_pb_text _builder_version=&#8221;4.17.3&#8243; _module_preset=&#8221;default&#8221; text_font=&#8221;Poppins|300|||||||&#8221; text_text_color=&#8221;#383838&#8243; text_font_size=&#8221;1rem&#8221; link_font=&#8221;Poppins|600|||||||&#8221; link_text_color=&#8221;#383838&#8243; link_font_size=&#8221;1rem&#8221; global_colors_info=&#8221;{}&#8221;]<\/p>\n<header class=\"entry-header\">Splo\u0161ni pogoji spletne strani in trgovine <strong>artanya.si<\/strong> so sestavljeni v skladu z Zakonom o varstvu potro\u0161nikov (ZVPot), Zakonom o varstvu osebnih podatkov (ZVOP-1), Zakonom o elektronskih komunikacijah (ZEKom-1), priporo\u010dili Gospodarske zbornice Slovenije ter mednarodnimi kodeksi za spletno in elektronsko poslovanje.<\/header>\n<header class=\"entry-header\"><\/header>\n<header class=\"entry-header\">S spletno trgovino <strong>Artanya.si<\/strong> upravlja<\/header>\n<header class=\"entry-header\"><strong>Artanya, Tanja Der\u017eani\u010d s.p.,<span>\u00a0<\/span><\/strong><em>(v.n. Artanya.si)<\/em><br \/><strong>Kolodvorska c. 22, 8340 \u010crnomelj<\/strong><br \/><strong>Dav\u010dna \u0161tevilka:<\/strong><span>\u00a033641021<\/span><span class=\"i-drugo-copy text-blue float-right\" data-toggle=\"tooltip\" data-placement=\"top\" title=\"\" data-original-title=\"Kopiraj podatke.\"><br \/><\/span><strong>Mati\u010dna:<\/strong><span>\u00a08650314000<\/span><br \/><strong>Tel.:<\/strong><span>\u00a0040 329 593<\/span><br \/><strong>Email:<\/strong><span>\u00a0<\/span><a href=\"mailto:info@artanya.si\">info@artanya.si<span>\u00a0<\/span><\/a><span>\u00a0|\u00a0\u00a0<\/span><a href=\"mailto:tanja.derzanic@gmail.com\">tanja.derzanic@gmail.com<\/a><\/header>\n<header class=\"entry-header\"><\/header>\n<header class=\"entry-header\">Splo\u0161ni pogoji poslovanja dolo\u010dajo delovanje spletne trgovine <strong>artanya.si<\/strong>, pravice in obveznosti kupca in trgovine ter urejajo poslovni odnos med spletno trgovino fotoprint.si in kupcem.<\/header>\n<header class=\"entry-header\"><\/header>\n<header class=\"entry-header\"><\/header>\n<header class=\"entry-header\">Kupca zavezujejo splo\u0161ni pogoji, ki so veljavni v trenutku nakupa (oddaje spletnega naro\u010dila). Uporabnik (kupec) je ob oddaji naro\u010dila vsaki\u010d posebej opozorjen na splo\u0161ne pogoje poslovanja in z oddajo naro\u010dila potrdi svojo seznanjenost z njimi.<\/p>\n<p><strong>SPLO\u0160NE\u00a0OPREDELITVE<\/strong><\/p>\n<p>Nakup je zahtevek za naro\u010dilo enega ali ve\u010d izdelkov preko spletne trgovine s strani uporabnika (kupca). Naro\u010danje izdelkov v spletni trgovini na spletni strani www.artanya.si poteka vse dni v tednu, nepretrgoma (24\/7), kar pomeni, da lahko opravite svoj nakup kadarkoli. Zaradi razli\u010dnih tehni\u010dnih razlogov poslovanje prek spletne trgovine ali celo dostop do trgovine v\u010dasih ni mogo\u010d. Zato si ponudnik pridr\u017euje pravico, da za dolo\u010den ali nedolo\u010den \u010das omeji ali popolnoma ustavi prodajo nekaterih ali celo vseh izdelkov ali da za dolo\u010den ali nedolo\u010den \u010das omeji ali popolnoma ustavi dostop do strani spletne trgovine. Ponudnik ne prevzema odgovornosti za nedelovanje trgovine zaradi neznanja uporabe, kakr\u0161nih koli posledic zlorabe spletne trgovine, nedelovanje storitve zaradi izpada omre\u017eja, izpada elektri\u010dne energije ali drugih tehni\u010dnih motenj, ki bi lahko za\u010dasno, lahko tudi za dalj\u0161i \u010das, motile uporabo.<\/p>\n<p><strong>DOSTOPNOST\u00a0INFORMACIJ<\/strong><\/p>\n<p><strong>Ponudnik<\/strong> se zavezuje, da so uporabniku (\u0161e preden ga zavezuje pogodba ali ponudba) na njegovo \u017eeljo na voljo naslednje informacije:<\/p>\n<ul>\n<li>podatki o podjetju ARTANYA, Tanja Der\u017eani\u010d s.p., (ime in sede\u017e podjetja),<\/li>\n<li>kontaktni podatki, ki uporabniku omogo\u010dajo hitro in u\u010dinkovito komunikacijo (e-po\u0161ta, telefon),<\/li>\n<li>bistvene lastnosti artiklov,<\/li>\n<li>dostopnost artiklov (vsak artikel, ki je v ponudbi na spletnem mestu, naj bi bil dostopen v razumljivem roku),<\/li>\n<li>pogoji dostave artiklov (ter na\u010din, kraj in rok dostave),<\/li>\n<li>cene, ki morajo biti jasno in nedvoumno dolo\u010dene ter razvidno mora biti prikazano, ali \u017ee vsebujejo davke, stro\u0161ke prevoza in druge dajatve ter rok veljavnosti tega podatka,<\/li>\n<li>na\u010din pla\u010dila in dostave ali izpolnitve,<\/li>\n<li>rok, v katerem je mo\u017eno odstopiti od pogodbe, in pogoje za odstop (opis pravice do odstopa v skladu s 43. \u010dlenom ZVPot; v primerih, ko potro\u0161nik v skladu s 43. \u010dlenom ZVPot nima pravice do odstopa, je o tem izrecno obve\u0161\u010den),<\/li>\n<li>pojasnilo postopka s prito\u017ebo, vklju\u010dno z vsemi podatki o kontaktni osebi.<\/li>\n<\/ul>\n<p><strong>NAKUP, PLA\u010cILO IN ODSTOP OD\u00a0POGODBE<\/strong><\/p>\n<p><strong>Postopek\u00a0nakupa<\/strong><\/p>\n<ol>\n<li><strong>Oddaja naro\u010dila:<\/strong>\u00a0 Uporabnik (kupec) \u017eeleni izdelek doda v ko\u0161arico s klikom na gumb \u00bb V ko\u0161arico\u00ab. Ko so \u017eeleni izdelki v ko\u0161arici, uporabnik (kupec) klikne na ikono \u00bbPrika\u017ei ko\u0161arico\u00ab ali pa ga \u017ee sam sistem preusmeri v &#8220;ko\u0161arico&#8221;,<span>\u00a0\u00a0<\/span>kjer je uporabniku (kupcu) na voljo opcija gumba \u00bbNadaljuj na blagajno\u00ab. V tem koraku je na voljo opcija \u00bbNadaljuj nakup\u00ab, kjer se lahko dodajo novi izdelki. Klik na gumb \u00bbNadaljuj na blagajno\u00ab odpre blagajno, kjer je potrebno izpolniti podatke za dostavo in je viden spisek vseh izdelkov v ko\u0161arici s cenami in stro\u0161ki dostave. Pred zaklju\u010dkom je potreben \u0161e korak, s katerim se kupec strinja s splo\u0161nimi pogoji poslovanja in obveznostjo pla\u010dila podjetju. Z vnosom vseh zahtevanih podatkov in s klikom na gumb \u00bbPotrdi naro\u010dilo\u00ab je naro\u010dilo oddano.<\/li>\n<li><strong>Naro\u010dilo prejeto in v pripravi:<\/strong>\u00a0Po oddaji naro\u010dila kupec prejme po elektronski po\u0161ti povzetek naro\u010dila in obvestilo, da je naro\u010dilo prejeto in je v pripravi.<\/li>\n<li><strong>Obdelava naro\u010dila:<\/strong>\u00a0Ponudnik naro\u010dilo pregleda, preveri dobavljivost naro\u010denih izdelkov in naro\u010dilo potrdi oziroma z razlogom zavrne. Ponudnik lahko za preverjanje podatkov ali zagotavljanja to\u010dnosti dobave pokli\u010de kupca na njegovo kontaktno telefonsko \u0161tevilko.<span><br \/>4.\u00a0<\/span><strong>Blago odpremljeno<\/strong><span>\u00a0Ponudnik v dogovorjenem roku blago pripravi, odpo\u0161lje in o tem po elektronski po\u0161ti obvesti kupca.<\/span><\/li>\n<\/ol>\n<p><strong>Cene<\/strong><\/p>\n<p>Vse cene izdelkov so navedene v evrih (\u20ac) in veljajo na dan naro\u010dila. Ko kupec naro\u010dilo v spletni trgovini potrdi, zanj veljajo objavljene cene v \u010dasu naro\u010dila. Cene veljajo v primeru pla\u010dila po povzetju. Vse cene ne vklju\u010dujejo DDV, razen \u010de je izrecno napisano druga\u010de. Vse cene v spletni trgovini so cene izdelkov in ne vsebujejo stro\u0161kov dostave. Na spletno ceno so mo\u017eni pribitki (\u010de so v tistem momentu na mo\u017enost) glede na izbrani na\u010din pla\u010dila.<\/p>\n<p>Akcijske cene veljajo vedno za rok, ki je dolo\u010den v spletni\u00a0trgovini.<\/p>\n<p>Ponudnik si pridr\u017euje pravico do napak ter sprememb v cenah in\u00a0besedilu.<span>\u00a0<\/span><\/p>\n<p><strong>Rok\u00a0dobave<\/strong><\/p>\n<p>Naro\u010dene izdelke ponudnik odpo\u0161lje v najkraj\u0161em \u010dasu od prejema naro\u010dila. Vsa naro\u010dila izdelkov, se predvidoma obdela in po\u0161lje naro\u010dniku v roku 3-5 dni, zaradi narave dela in priprav. \u010ce izdelka trenutno ni na zalogi, se kupca obvesti o predvidenem datumu dobave. \u010ce kupec ne \u017eeli \u010dakati na dobavo izdelka, ki ga ni na zalogi pri ponudniku, mora po elektronski po\u0161ti<strong> info@artanya.si<\/strong>, obvestiti dobavitelja o preklicu naro\u010dila. Pri dobavi izdelka, ki ga ponudnik nima na zalogi v lastnem skladi\u0161\u010du, je ponudnik izklju\u010dno vezan na dobavo s strani ponudnikovega dobavitelja in na \u010das, v katerem lahko ponudnikov dobavitelj dostavi izdelek do ponudnika. Ponudnik ne prevzema nobene odgovornosti za \u0161kodo, ki bi nastala zaradi dalj\u0161ih dobavnih rokov ali zaradi nedobave izdelka, ki ga ponudnik nima na zalogi v lastnem skladi\u0161\u010du.<\/p>\n<p>&nbsp;<\/p>\n<p><strong>Kupoprodajna\u00a0pogodba<\/strong><\/p>\n<p>Kupoprodajna pogodba med ponudnikom, Artanya, Tanja Der\u017eani\u010d s.p., ter kupcem je v spletni trgovini sklenjena v trenutku, ko spletna trgovina <strong>artanya.si<\/strong> kupcu po\u0161lje prvo elektronsko sporo\u010dilo o potrditvi njegovega naro\u010dila. Od tega trenutka so vse cene in drugi pogoji fiksirani in veljajo tako za ponudnika kot za kupca.<\/p>\n<p>Kupoprodajna pogodba (t.j. prvo elektronsko sporo\u010dilo o statusu naro\u010dila) je v elektronski obliki shranjena na stre\u017eniku <strong>artanya.si<\/strong> in je uporabniku (kupcu) dostopna v vsakem trenutku v njegovem uporabni\u0161kem profilu oziroma je potro\u0161niku na voljo na njegovo pisno zahtevo. Kopijo naro\u010dila pa prejmejo tudi na svoj elektronski naslov.<span>\u00a0<\/span><\/p>\n<p><strong>Odstop od pogodbe in vra\u010dilo\u00a0izdelkov<\/strong><\/p>\n<p>Potro\u0161nik ima pravico (po 43.\u010d in 43.d \u010dlenu ZVPot), da v 8-ih dneh od dne prevzema naro\u010denih izdelkov podjetju na kontaktni elektronski naslov <a href=\"mailto:info@artanya.si\">info@artanya.si<\/a>, sporo\u010di, da odstopa od kupoprodajne pogodbe, pri \u010demer mu ni potrebno navesti razloga za tak\u0161no odlo\u010ditev. Vrnitev kupljenih izdelkov v roku za odstop od kupoprodajne pogodbe \u0161teje za sporo\u010dilo o odstopu. Edini stro\u0161ek, ki bremeni potro\u0161nika v zvezi z odstopom od pogodbe, je neposreden stro\u0161ek vra\u010dila <strong>nepo\u0161kodovanega<\/strong> blaga (stro\u0161ek po\u0161iljanja).<\/p>\n<p>Kupljene izdelke je potrebno vrniti na naslov Artanya, Tanja Der\u017eani\u010d s.p., Kolodvorska cesta 22, 8340 \u010crnomelj, najkasneje v roku 8-ih dni od dne oddanega sporo\u010dila o odstopu od kupoprodajne pogodbe. Kupljene izdelke je potrebno vrniti nepo\u0161kodovane, v originalni embala\u017ei in v nespremenjeni koli\u010dini, razen \u010de so izdelki uni\u010deni, pokvarjeni, izgubljeni ali se je njihova koli\u010dina zmanj\u0161ala, ne da bi bil za to kriv potro\u0161nik. \u010ce je po\u0161tni paket, s katerim je potro\u0161nik prejel naro\u010dene izdelke, fizi\u010dno po\u0161kodovan, \u010de v njem manjka vsebina ali \u010de ka\u017ee znake odprtja, mora potro\u0161nik spro\u017eiti postopek reklamacije pri dostavni slu\u017ebi. Trgovec ne sprejema vra\u010dila izdelkov, ki so bili odprti in delno ali v celoti porabljeni.<\/p>\n<p>Potro\u0161nik za vrnjene izdelke takoj, ko je to mogo\u010de, najkasneje pa v roku 8 dni od prejema sporo\u010dila o odstopu, prejme vra\u010dilo vpla\u010danega zneska, morebitne kori\u0161\u010dene promocijske kode in drugi popusti pa se potro\u0161niku ne vrnejo. Vra\u010dilo vpla\u010danega zneska se izvr\u0161i na osebni oz. transakcijski ra\u010dun potro\u0161nika. Kori\u0161\u010deni darilni bon se vrne potro\u0161niku v obliki dobropisa.<\/p>\n<p><strong>Na\u010dini\u00a0pla\u010dila<\/strong><\/p>\n<p>Pla\u010dilo nakupa na spletni trgovini <strong>artanya.si<\/strong> je mogo\u010d po povzetju in po predra\u010dunu.<span> Mo\u017enost je tudi samo rezervacije naro\u010dila in osebnega prevzema, ter pla\u010dila na lokaciji prevzema (sede\u017eu trgovine).<\/span><\/p>\n<p><strong>Stvarna\u00a0napaka<\/strong><\/p>\n<p>Kupec nas mora o morebitni stvarni napaki skupaj z natan\u010dnim opisom le-te obvestiti v zakonsko dolo\u010denem roku. Kupec nam mora hkrati omogo\u010diti pregled\u00a0artikla.<\/p>\n<p>Pravico do uveljavljanja stvarnih napak natan\u010dneje urejajo dolo\u010dila Zakona o varstvu potro\u0161nikov\u00a0(ZVPot).<\/p>\n<p><strong>DOSTAVA<\/strong><\/p>\n<p>Dostavo za spletno trgovino <strong>artanya.si<\/strong> opravlja Po\u0161ta Slovenijea ali katera druga dostavna slu\u017eba. Dostava bo opravljena na naslov, ki ga bo v postopku nakupa dolo\u010dil uporabnik (kupec).Stro\u0161ki po\u0161iljanja so podani in so razvidni ob koncu naro\u010dila. Ob pla\u010dilu po povzetju so mo\u017eni dodatni stro\u0161ki zaradi storitve odkupnine in provizije, ki jo kupcu zara\u010duna Po\u0161ta Slovenije ali druga dostavna slu\u017eba, ki dostavi naro\u010dilo.<\/p>\n<p><strong>PRITO\u017dBE, SPORI IN UPORABA\u00a0PRAVA<\/strong><\/p>\n<p>Ponudnik spo\u0161tuje veljavne predpise s podro\u010dja varstva potro\u0161nikov. Ponudnik ima vzpostavljen u\u010dinkovit sistem obravnavanja prito\u017eb in ima dolo\u010deno osebo, s katero se v primeru te\u017eav uporabnik (kupec) lahko pove\u017ee telefonsko ali po elektronski po\u0161ti. Uporabnik (kupec) se v primeru te\u017eav lahko po pomo\u010d obrne na tel. \u0161t.: 040329 593. Prito\u017ebo lahko uporabnik (kupec) odda na elektronski po\u0161tni naslov info@artanya.si. Postopek obravnave prito\u017ebe je zaupen.<br \/>Ponudnik bo v petih delovnih dneh potrdil, da je prejel prito\u017ebo in sporo\u010dil uporabniku (kupcu), kako dolgo jo bo obravnaval ter ga vseskozi obve\u0161\u010dal o poteku postopka. Ponudnik si bo prizadeval po svojih najbolj\u0161ih mo\u010deh morebitne spore re\u0161iti sporazumno. Ponudnik se zaveda, da je bistvena zna\u010dilnost potro\u0161ni\u0161kega spora, vsaj kar zadeva sodno re\u0161evanje, njegova nesorazmernost med ekonomsko vrednostjo zahtevka in potrebnim \u010dasom ter stro\u0161ki, ki nastanejo pri re\u0161evanju spora, kar je tudi glavna ovira, da potro\u0161nik ne spro\u017ei spora pred\u00a0sodi\u0161\u010dem.<\/p>\n<p>Za te Splo\u0161ne pogoje poslovanja in za vse spore med ponudnikom in uporabnikom (kupcem) velja in se uporablja slovensko materialno in procesno pravo, pri \u010demer se ne uporabljajo pravila mednarodnega zasebnega prava, ki bi odkazovala na uporabo kateregakoli drugega prava.<br \/>Za vsa razmerja ter za pravice in obveznosti, ki niso urejene s temi Splo\u0161nimi pogoji poslovanja, se smiselno uporabljajo dolo\u010dila Obligacijskega zakonika, Zakona o elektronskem poslovanju na trgu, Zakona o varstvu osebnih podatkov in Zakona o varstvu\u00a0potro\u0161nikov.<\/p>\n<p>&nbsp;<\/p>\n<p><strong>Spremembe splo\u0161nih pogojev\u00a0poslovanja<\/strong><\/p>\n<p>V primeru sprememb predpisov, ki urejajo poslovanje spletnih trgovin, varstvo podatkov ter druga podro\u010dja, ki so v zvezi s poslovanjem spletne trgovine <strong>artanya.si<\/strong>, in v primeru sprememb lastne poslovne politike spletne trgovine je mo\u017ena sprememba in\/ali dopolnitev teh Splo\u0161nih pogojev poslovanja brez posebne najave. Spremembe veljajo od trenutka objave in so za uporabnika (kupca) zavezujo\u010de.<\/p>\n<p>Pogoje poslovanja je sprejelo podjetje ARTANYA, Tanja Der\u017eani\u010d s.p., dne <strong>1. 12. 2022<\/strong>.<span>\u00a0<\/span><\/p>\n<\/header>\n<p>[\/et_pb_text][\/et_pb_column][\/et_pb_row][\/et_pb_section]<\/p>","protected":false},"excerpt":{"rendered":"<p>Splo\u0161ni pogoji poslovanjaSplo\u0161ni pogoji spletne strani in trgovine artanya.si so sestavljeni v skladu z Zakonom o varstvu potro\u0161nikov (ZVPot), Zakonom o varstvu osebnih podatkov (ZVOP-1), Zakonom o elektronskih komunikacijah (ZEKom-1), priporo\u010dili Gospodarske zbornice Slovenije ter mednarodnimi kodeksi za spletno in elektronsko poslovanje. S spletno trgovino Artanya.si upravlja Artanya, Tanja Der\u017eani\u010d s.p.,\u00a0(v.n. Artanya.si)Kolodvorska c. 22, 8340 [&hellip;]<\/p>","protected":false},"author":1,"featured_media":0,"parent":0,"menu_order":0,"comment_status":"closed","ping_status":"closed","template":"","meta":{"_et_pb_use_builder":"on","_et_pb_old_content":"","_et_gb_content_width":"","footnotes":""},"class_list":["post-50935","page","type-page","status-publish","hentry"],"_links":{"self":[{"href":"https:\/\/artanya.si\/en\/wp-json\/wp\/v2\/pages\/50935","targetHints":{"allow":["GET"]}}],"collection":[{"href":"https:\/\/artanya.si\/en\/wp-json\/wp\/v2\/pages"}],"about":[{"href":"https:\/\/artanya.si\/en\/wp-json\/wp\/v2\/types\/page"}],"author":[{"embeddable":true,"href":"https:\/\/artanya.si\/en\/wp-json\/wp\/v2\/users\/1"}],"replies":[{"embeddable":true,"href":"https:\/\/artanya.si\/en\/wp-json\/wp\/v2\/comments?post=50935"}],"version-history":[{"count":5,"href":"https:\/\/artanya.si\/en\/wp-json\/wp\/v2\/pages\/50935\/revisions"}],"predecessor-version":[{"id":50943,"href":"https:\/\/artanya.si\/en\/wp-json\/wp\/v2\/pages\/50935\/revisions\/50943"}],"wp:attachment":[{"href":"https:\/\/artanya.si\/en\/wp-json\/wp\/v2\/media?parent=50935"}],"curies":[{"name":"wp","href":"https:\/\/api.w.org\/{rel}","templated":true}]}}