{"id":50,"date":"2022-06-15T19:29:29","date_gmt":"2022-06-15T19:29:29","guid":{"rendered":"https:\/\/artanya.si\/?page_id=50"},"modified":"2022-11-22T21:38:31","modified_gmt":"2022-11-22T21:38:31","slug":"kontakt","status":"publish","type":"page","link":"https:\/\/artanya.si\/en\/kontakt\/","title":{"rendered":"Kontakt"},"content":{"rendered":"<p>[et_pb_section fb_built=&#8221;1&#8243; fullwidth=&#8221;on&#8221; custom_padding_last_edited=&#8221;on|phone&#8221; _builder_version=&#8221;4.17.3&#8243; _module_preset=&#8221;default&#8221; background_color=&#8221;#E0B7B8&#8243; background_enable_pattern_style=&#8221;on&#8221; background_pattern_style=&#8221;tufted&#8221; background_pattern_color=&#8221;rgba(255,255,255,0.32)&#8221; custom_margin=&#8221;||||false|false&#8221; custom_padding=&#8221;6em||||false|false&#8221; custom_padding_tablet=&#8221;3em||3em||true|false&#8221; custom_padding_phone=&#8221;1em||1em||true|false&#8221; global_colors_info=&#8221;{}&#8221;][et_pb_fullwidth_header title=&#8221;@ET-DC@eyJkeW5hbWljIjp0cnVlLCJjb250ZW50IjoicG9zdF90aXRsZSIsInNldHRpbmdzIjp7ImJlZm9yZSI6IiIsImFmdGVyIjoiIn19@&#8221; _builder_version=&#8221;4.17.3&#8243; _dynamic_attributes=&#8221;title&#8221; _module_preset=&#8221;e17fca75-7aa2-4c89-83d6-7fee62691a9d&#8221; title_letter_spacing=&#8221;2px&#8221; custom_margin=&#8221;||0em||false|false&#8221; custom_margin_last_edited=&#8221;off|desktop&#8221; title_font_size_tablet=&#8221;&#8221; title_font_size_phone=&#8221;&#8221; title_font_size_last_edited=&#8221;on|phone&#8221; global_colors_info=&#8221;{}&#8221;][\/et_pb_fullwidth_header][\/et_pb_section][et_pb_section fb_built=&#8221;1&#8243; _builder_version=&#8221;4.17.3&#8243; background_enable_color=&#8221;off&#8221; custom_padding=&#8221;0|0px|0|0px|true|false&#8221; global_colors_info=&#8221;{}&#8221;][et_pb_row column_structure=&#8221;1_3,1_3,1_3&#8243; use_custom_gutter=&#8221;on&#8221; make_equal=&#8221;on&#8221; _builder_version=&#8221;4.17.3&#8243; custom_padding=&#8221;0|0px|0|0px|true|false&#8221; hover_enabled=&#8221;0&#8243; global_colors_info=&#8221;{}&#8221; gutter_width=&#8221;1&#8243; max_width=&#8221;100%&#8221; width_last_edited=&#8221;on|tablet&#8221; sticky_enabled=&#8221;0&#8243; module_alignment=&#8221;center&#8221;][et_pb_column type=&#8221;1_3&#8243; _builder_version=&#8221;4.17.3&#8243; custom_padding=&#8221;|||&#8221; hover_enabled=&#8221;0&#8243; global_colors_info=&#8221;{}&#8221; custom_padding__hover=&#8221;|||&#8221; sticky_enabled=&#8221;0&#8243;][et_pb_blurb use_icon=&#8221;on&#8221; font_icon=&#8221;&#xe01d;||divi||400&#8243; icon_color=&#8221;#383838&#8243; image_icon_width=&#8221;30px&#8221; content_max_width=&#8221;100%&#8221; _builder_version=&#8221;4.17.3&#8243; header_font=&#8221;Nunito Sans|700|||||||&#8221; header_text_align=&#8221;center&#8221; header_text_color=&#8221;#297FCA&#8221; header_font_size=&#8221;20px&#8221; body_font=&#8221;Poppins|300|||||||&#8221; body_text_align=&#8221;center&#8221; body_text_color=&#8221;#383838&#8243; body_font_size=&#8221;15px&#8221; body_line_height=&#8221;2em&#8221; body_link_text_color=&#8221;#383838&#8243; custom_padding=&#8221;33px||33px||true|true&#8221; animation=&#8221;off&#8221; hover_enabled=&#8221;0&#8243; border_width_right=&#8221;1px&#8221; border_color_right=&#8221;rgba(255,255,255,0.24)&#8221; border_width_right_tablet=&#8221;0px&#8221; border_width_right_phone=&#8221;0px&#8221; border_width_right_last_edited=&#8221;on|tablet&#8221; icon_font_size=&#8221;30px&#8221; global_colors_info=&#8221;{}&#8221; icon_placement_last_edited=&#8221;on|desktop&#8221; sticky_enabled=&#8221;0&#8243; icon_placement_tablet=&#8221;left&#8221; body_text_align_last_edited=&#8221;on|tablet&#8221; body_text_align_tablet=&#8221;center&#8221; icon_placement_phone=&#8221;left&#8221; body_text_align_phone=&#8221;center&#8221;]<\/p>\n<p><strong>Naslov<\/strong> Kolodvorska c. 22, \u010crnomelj<\/p>\n<p>[\/et_pb_blurb][\/et_pb_column][et_pb_column type=&#8221;1_3&#8243; _builder_version=&#8221;4.16&#8243; custom_padding=&#8221;|||&#8221; global_colors_info=&#8221;{}&#8221; custom_padding__hover=&#8221;|||&#8221;][et_pb_blurb use_icon=&#8221;on&#8221; font_icon=&#8221;&#xe010;||divi||400&#8243; icon_color=&#8221;#383838&#8243; image_icon_width=&#8221;30px&#8221; content_max_width=&#8221;100%&#8221; _builder_version=&#8221;4.17.3&#8243; header_font=&#8221;Nunito Sans|700|||||||&#8221; header_text_align=&#8221;center&#8221; header_text_color=&#8221;#297FCA&#8221; header_font_size=&#8221;20px&#8221; body_font=&#8221;Poppins|300|||||||&#8221; body_text_align=&#8221;center&#8221; body_text_color=&#8221;#383838&#8243; body_font_size=&#8221;15px&#8221; body_line_height=&#8221;2em&#8221; body_link_font=&#8221;Poppins||||||||&#8221; body_link_text_color=&#8221;#383838&#8243; body_link_font_size=&#8221;15px&#8221; custom_padding=&#8221;33px||33px||true|true&#8221; custom_padding_tablet=&#8221;0px||0px||true&#8221; custom_padding_phone=&#8221;0px||0px||true&#8221; custom_padding_last_edited=&#8221;on|tablet&#8221; animation=&#8221;off&#8221; hover_enabled=&#8221;0&#8243; border_width_right=&#8221;1px&#8221; border_color_right=&#8221;rgba(255,255,255,0.24)&#8221; border_width_right_tablet=&#8221;0px&#8221; border_width_right_phone=&#8221;0px&#8221; border_width_right_last_edited=&#8221;on|tablet&#8221; icon_font_size=&#8221;30px&#8221; global_colors_info=&#8221;{}&#8221; sticky_enabled=&#8221;0&#8243; icon_placement_tablet=&#8221;left&#8221; icon_placement_last_edited=&#8221;on|desktop&#8221; body_text_align_tablet=&#8221;center&#8221; body_text_align_last_edited=&#8221;on|tablet&#8221; icon_placement_phone=&#8221;left&#8221; body_text_align_phone=&#8221;center&#8221;]<\/p>\n<p><strong>Email<\/strong> <a href=\"mailto:info@artanya.si\">info@artanya.si<\/a><\/p>\n<p>[\/et_pb_blurb][\/et_pb_column][et_pb_column type=&#8221;1_3&#8243; _builder_version=&#8221;4.16&#8243; custom_padding=&#8221;|||&#8221; global_colors_info=&#8221;{}&#8221; custom_padding__hover=&#8221;|||&#8221;][et_pb_blurb use_icon=&#8221;on&#8221; font_icon=&#8221;&#xe00b;||divi||400&#8243; icon_color=&#8221;#383838&#8243; image_icon_width=&#8221;30px&#8221; content_max_width=&#8221;100%&#8221; _builder_version=&#8221;4.17.3&#8243; header_font=&#8221;Nunito Sans|700|||||||&#8221; header_text_align=&#8221;center&#8221; header_text_color=&#8221;#297FCA&#8221; header_font_size=&#8221;20px&#8221; body_font=&#8221;Poppins|300|||||||&#8221; body_text_align=&#8221;center&#8221; body_text_color=&#8221;#383838&#8243; body_font_size=&#8221;15px&#8221; body_line_height=&#8221;2em&#8221; body_link_font=&#8221;Poppins||||||||&#8221; body_link_text_color=&#8221;#383838&#8243; body_link_font_size=&#8221;15px&#8221; custom_padding=&#8221;33px||33px||true|true&#8221; animation=&#8221;off&#8221; icon_font_size=&#8221;30px&#8221; global_colors_info=&#8221;{}&#8221; icon_placement_tablet=&#8221;left&#8221; icon_placement_last_edited=&#8221;on|desktop&#8221; body_text_align_tablet=&#8221;center&#8221; body_text_align_last_edited=&#8221;on|tablet&#8221; icon_placement_phone=&#8221;left&#8221; body_text_align_phone=&#8221;center&#8221;]<\/p>\n<p><strong>Tel.<\/strong> 040 329 593<\/p>\n<p>[\/et_pb_blurb][\/et_pb_column][\/et_pb_row][\/et_pb_section][et_pb_section fb_built=&#8221;1&#8243; _builder_version=&#8221;4.17.3&#8243; background_color=&#8221;#ffffff&#8221; custom_margin=&#8221;2em||2em||true|false&#8221; custom_padding=&#8221;0px||0px||true&#8221; global_colors_info=&#8221;{}&#8221;][et_pb_row column_structure=&#8221;1_2,1_2&#8243; use_custom_gutter=&#8221;on&#8221; gutter_width=&#8221;1&#8243; make_equal=&#8221;on&#8221; padding_top_bottom_link_1=&#8221;true&#8221; padding_top_bottom_link_2=&#8221;true&#8221; padding_left_right_link_1=&#8221;true&#8221; padding_left_right_link_2=&#8221;true&#8221; module_class=&#8221; et_pb_row_fullwidth&#8221; _builder_version=&#8221;4.17.3&#8243; width_tablet=&#8221;100%&#8221; width_phone=&#8221;100%&#8221; width_last_edited=&#8221;on|tablet&#8221; max_width=&#8221;100%&#8221; max_width_tablet=&#8221;100%&#8221; max_width_phone=&#8221;&#8221; max_width_last_edited=&#8221;on|desktop&#8221; custom_padding=&#8221;0px||0px|&#8221; make_fullwidth=&#8221;on&#8221; global_colors_info=&#8221;{}&#8221;][et_pb_column type=&#8221;1_2&#8243; _builder_version=&#8221;4.17.3&#8243; background_image=&#8221;https:\/\/artanya.si\/wp-content\/uploads\/2022\/08\/Artanya_poroke-dekoracija.jpg&#8221; custom_padding=&#8221;|||&#8221; custom_padding_phone=&#8221;|20px||20px&#8221; custom_padding_last_edited=&#8221;off|desktop&#8221; global_colors_info=&#8221;{}&#8221; custom_padding__hover=&#8221;|||&#8221;][et_pb_divider show_divider=&#8221;off&#8221; disabled_on=&#8221;off|off|on&#8221; _builder_version=&#8221;4.16&#8243; custom_padding=&#8221;35%||35%||true&#8221; global_colors_info=&#8221;{}&#8221;][\/et_pb_divider][\/et_pb_column][et_pb_column type=&#8221;1_2&#8243; _builder_version=&#8221;4.17.3&#8243; background_enable_color=&#8221;off&#8221; background_size=&#8221;initial&#8221; custom_padding=&#8221;7%|7%|7%|7%&#8221; global_colors_info=&#8221;{}&#8221; custom_padding__hover=&#8221;|||&#8221;][et_pb_text _builder_version=&#8221;4.17.3&#8243; text_font=&#8221;Poppins|700|||||||&#8221; text_text_color=&#8221;#383838&#8243; text_font_size=&#8221;2rem&#8221; custom_padding_tablet=&#8221;7px||&#8221; custom_padding_phone=&#8221;27px||&#8221; custom_padding_last_edited=&#8221;on|tablet&#8221; hover_enabled=&#8221;0&#8243; text_font_size_tablet=&#8221;&#8221; text_font_size_phone=&#8221;1.8rem&#8221; text_font_size_last_edited=&#8221;on|tablet&#8221; global_colors_info=&#8221;{}&#8221; sticky_enabled=&#8221;0&#8243;]<\/p>\n<p>Pi\u0161ite nam<\/p>\n<p>[\/et_pb_text][et_pb_text _builder_version=&#8221;4.17.3&#8243; text_font=&#8221;Poppins|300|||||||&#8221; text_text_color=&#8221;#383838&#8243; text_font_size=&#8221;1rem&#8221; text_line_height=&#8221;1.8em&#8221; module_alignment=&#8221;center&#8221; custom_padding=&#8221;21px|||&#8221; hover_enabled=&#8221;0&#8243; global_colors_info=&#8221;{}&#8221; sticky_enabled=&#8221;0&#8243;]<\/p>\n<p>in potrudimo se, da vam odgovorimo v najkraj\u0161em mo\u017enem \u010dasu.<\/p>\n<p>[\/et_pb_text][et_pb_contact_form use_spam_service=&#8221;on&#8221; recaptcha_list=&#8221;Artanya|Artanya-0&#8243; email=&#8221;tanja.derzanic@gmail.com&#8221; title=&#8221;KONTAKTNI OBRAZEC | Prejeto sporo\u010dilo&#8221; custom_message=&#8221;Prejeto sporo\u010dilo iz spletnega obrazca KONTAKT:||et_pb_line_break_holder||||et_pb_line_break_holder||Ime: %%Name%%||et_pb_line_break_holder||Telefon: %%Phone%%||et_pb_line_break_holder||Email: %%Email%%||et_pb_line_break_holder||||et_pb_line_break_holder||&#8212;||et_pb_line_break_holder||Sporo\u010dilo: %%Message%%||et_pb_line_break_holder||&#8221; success_message=&#8221;Hvala za poslano sporo\u010dilo. Odgovorimo vam v najkraj\u0161em mo\u017enem \u010dasu. Ekipa Artanya&#8221; submit_button_text=&#8221;Po\u0161lji&#8221; module_id=&#8221;et_pb_contact_form_0&#8243; _builder_version=&#8221;4.17.3&#8243; form_field_background_color=&#8221;rgba(0,0,0,0)&#8221; form_field_text_color=&#8221;#000000&#8243; form_field_font=&#8221;Poppins|300|||||||&#8221; form_field_font_size=&#8221;15px&#8221; form_field_line_height=&#8221;1.6em&#8221; custom_button=&#8221;on&#8221; button_text_size=&#8221;1rem&#8221; button_text_color=&#8221;#FFFFFF&#8221; button_bg_color=&#8221;#383838&#8243; button_border_width=&#8221;11px&#8221; button_border_color=&#8221;#383838&#8243; button_border_radius=&#8221;0px&#8221; button_letter_spacing=&#8221;1px&#8221; button_font=&#8221;Poppins|||on|||||&#8221; button_icon=&#8221;&#x24;||divi||400&#8243; button_on_hover=&#8221;off&#8221; custom_padding=&#8221;54px|||&#8221; custom_css_contact_title=&#8221;display:none;&#8221; border_width_bottom=&#8221;1px&#8221; border_color_bottom=&#8221;#000000&#8243; form_background_color=&#8221;rgba(0,0,0,0)&#8221; global_colors_info=&#8221;{}&#8221; button_text_color__hover_enabled=&#8221;on|desktop&#8221; button_bg_color__hover=&#8221;rgba(56,56,56,0.32)&#8221; button_bg_color__hover_enabled=&#8221;on|hover&#8221; button_border_color__hover=&#8221;#bfbfbf&#8221; button_border_color__hover_enabled=&#8221;on&#8221; button_letter_spacing__hover=&#8221;2px&#8221; button_letter_spacing__hover_enabled=&#8221;on&#8221; button_bg_enable_color__hover=&#8221;on&#8221; button_text_color__hover=&#8221;#FFFFFF&#8221;][et_pb_contact_field field_id=&#8221;Name&#8221; field_title=&#8221;Ime in Priimek&#8221; _builder_version=&#8221;4.17.3&#8243; global_colors_info=&#8221;{}&#8221; button_text_size__hover_enabled=&#8221;off&#8221; button_one_text_size__hover_enabled=&#8221;off&#8221; button_two_text_size__hover_enabled=&#8221;off&#8221; button_text_color__hover_enabled=&#8221;off&#8221; button_one_text_color__hover_enabled=&#8221;off&#8221; button_two_text_color__hover_enabled=&#8221;off&#8221; button_border_width__hover_enabled=&#8221;off&#8221; button_one_border_width__hover_enabled=&#8221;off&#8221; button_two_border_width__hover_enabled=&#8221;off&#8221; button_border_color__hover_enabled=&#8221;off&#8221; button_one_border_color__hover_enabled=&#8221;off&#8221; button_two_border_color__hover_enabled=&#8221;off&#8221; button_border_radius__hover_enabled=&#8221;off&#8221; button_one_border_radius__hover_enabled=&#8221;off&#8221; button_two_border_radius__hover_enabled=&#8221;off&#8221; button_letter_spacing__hover_enabled=&#8221;off&#8221; button_one_letter_spacing__hover_enabled=&#8221;off&#8221; button_two_letter_spacing__hover_enabled=&#8221;off&#8221; button_bg_color__hover_enabled=&#8221;off&#8221; button_one_bg_color__hover_enabled=&#8221;off&#8221; button_two_bg_color__hover_enabled=&#8221;off&#8221;][\/et_pb_contact_field][et_pb_contact_field field_id=&#8221;phone&#8221; field_title=&#8221;Telefon&#8221; required_mark=&#8221;off&#8221; _builder_version=&#8221;4.17.3&#8243; form_field_font=&#8221;Poppins|300|||||||&#8221; global_colors_info=&#8221;{}&#8221; button_text_size__hover_enabled=&#8221;off&#8221; button_one_text_size__hover_enabled=&#8221;off&#8221; button_two_text_size__hover_enabled=&#8221;off&#8221; button_text_color__hover_enabled=&#8221;off&#8221; button_one_text_color__hover_enabled=&#8221;off&#8221; button_two_text_color__hover_enabled=&#8221;off&#8221; button_border_width__hover_enabled=&#8221;off&#8221; button_one_border_width__hover_enabled=&#8221;off&#8221; button_two_border_width__hover_enabled=&#8221;off&#8221; button_border_color__hover_enabled=&#8221;off&#8221; button_one_border_color__hover_enabled=&#8221;off&#8221; button_two_border_color__hover_enabled=&#8221;off&#8221; button_border_radius__hover_enabled=&#8221;off&#8221; button_one_border_radius__hover_enabled=&#8221;off&#8221; button_two_border_radius__hover_enabled=&#8221;off&#8221; button_letter_spacing__hover_enabled=&#8221;off&#8221; button_one_letter_spacing__hover_enabled=&#8221;off&#8221; button_two_letter_spacing__hover_enabled=&#8221;off&#8221; button_bg_color__hover_enabled=&#8221;off&#8221; button_one_bg_color__hover_enabled=&#8221;off&#8221; button_two_bg_color__hover_enabled=&#8221;off&#8221;][\/et_pb_contact_field][et_pb_contact_field field_id=&#8221;Email&#8221; field_title=&#8221;va\u0161@naslov&#8221; fullwidth_field=&#8221;on&#8221; _builder_version=&#8221;4.17.3&#8243; global_colors_info=&#8221;{}&#8221; button_text_size__hover_enabled=&#8221;off&#8221; button_one_text_size__hover_enabled=&#8221;off&#8221; button_two_text_size__hover_enabled=&#8221;off&#8221; button_text_color__hover_enabled=&#8221;off&#8221; button_one_text_color__hover_enabled=&#8221;off&#8221; button_two_text_color__hover_enabled=&#8221;off&#8221; button_border_width__hover_enabled=&#8221;off&#8221; button_one_border_width__hover_enabled=&#8221;off&#8221; button_two_border_width__hover_enabled=&#8221;off&#8221; button_border_color__hover_enabled=&#8221;off&#8221; button_one_border_color__hover_enabled=&#8221;off&#8221; button_two_border_color__hover_enabled=&#8221;off&#8221; button_border_radius__hover_enabled=&#8221;off&#8221; button_one_border_radius__hover_enabled=&#8221;off&#8221; button_two_border_radius__hover_enabled=&#8221;off&#8221; button_letter_spacing__hover_enabled=&#8221;off&#8221; button_one_letter_spacing__hover_enabled=&#8221;off&#8221; button_two_letter_spacing__hover_enabled=&#8221;off&#8221; button_bg_color__hover_enabled=&#8221;off&#8221; button_one_bg_color__hover_enabled=&#8221;off&#8221; button_two_bg_color__hover_enabled=&#8221;off&#8221;][\/et_pb_contact_field][et_pb_contact_field field_id=&#8221;Message&#8221; field_title=&#8221;Sporo\u010dilo&#8221; field_type=&#8221;text&#8221; fullwidth_field=&#8221;on&#8221; _builder_version=&#8221;4.17.3&#8243; custom_padding=&#8221;||16px|&#8221; global_colors_info=&#8221;{}&#8221; button_text_size__hover_enabled=&#8221;off&#8221; button_one_text_size__hover_enabled=&#8221;off&#8221; button_two_text_size__hover_enabled=&#8221;off&#8221; button_text_color__hover_enabled=&#8221;off&#8221; button_one_text_color__hover_enabled=&#8221;off&#8221; button_two_text_color__hover_enabled=&#8221;off&#8221; button_border_width__hover_enabled=&#8221;off&#8221; button_one_border_width__hover_enabled=&#8221;off&#8221; button_two_border_width__hover_enabled=&#8221;off&#8221; button_border_color__hover_enabled=&#8221;off&#8221; button_one_border_color__hover_enabled=&#8221;off&#8221; button_two_border_color__hover_enabled=&#8221;off&#8221; button_border_radius__hover_enabled=&#8221;off&#8221; button_one_border_radius__hover_enabled=&#8221;off&#8221; button_two_border_radius__hover_enabled=&#8221;off&#8221; button_letter_spacing__hover_enabled=&#8221;off&#8221; button_one_letter_spacing__hover_enabled=&#8221;off&#8221; button_two_letter_spacing__hover_enabled=&#8221;off&#8221; button_bg_color__hover_enabled=&#8221;off&#8221; button_one_bg_color__hover_enabled=&#8221;off&#8221; button_two_bg_color__hover_enabled=&#8221;off&#8221;][\/et_pb_contact_field][\/et_pb_contact_form][\/et_pb_column][\/et_pb_row][et_pb_row _builder_version=&#8221;4.17.3&#8243; _module_preset=&#8221;default&#8221; width=&#8221;100%&#8221; max_width=&#8221;100%&#8221; global_colors_info=&#8221;{}&#8221;][et_pb_column type=&#8221;4_4&#8243; _builder_version=&#8221;4.17.3&#8243; _module_preset=&#8221;default&#8221; global_colors_info=&#8221;{}&#8221;][et_pb_code _builder_version=&#8221;4.17.3&#8243; _module_preset=&#8221;default&#8221; global_colors_info=&#8221;{}&#8221;]<iframe src=\"https:\/\/www.google.com\/maps\/embed?pb=!1m18!1m12!1m3!1d2792.834339193137!2d15.188724715970125!3d45.57376987910232!2m3!1f0!2f0!3f0!3m2!1i1024!2i768!4f13.1!3m3!1m2!1s0x47645c75124a7479%3A0xc1c0c333ef40fc7c!2sKolodvorska%20cesta%2022%2C%208340%20%C4%8Crnomelj!5e0!3m2!1sen!2ssi!4v1669150249893!5m2!1sen!2ssi\" width=\"100%\" height=\"600\" style=\"border:0;\" allowfullscreen=\"\" loading=\"lazy\" referrerpolicy=\"no-referrer-when-downgrade\"><\/iframe>[\/et_pb_code][\/et_pb_column][\/et_pb_row][\/et_pb_section]<\/p>","protected":false},"excerpt":{"rendered":"<p>Naslov Kolodvorska c. 22, \u010crnomeljEmail info@artanya.siTel. 040 329 593Pi\u0161ite namin potrudimo se, da vam odgovorimo v najkraj\u0161em mo\u017enem \u010dasu.<\/p>","protected":false},"author":1,"featured_media":0,"parent":0,"menu_order":0,"comment_status":"closed","ping_status":"closed","template":"","meta":{"_et_pb_use_builder":"on","_et_pb_old_content":"<!-- wp:divi\/placeholder \/-->","_et_gb_content_width":"","footnotes":""},"class_list":["post-50","page","type-page","status-publish","hentry"],"_links":{"self":[{"href":"https:\/\/artanya.si\/en\/wp-json\/wp\/v2\/pages\/50","targetHints":{"allow":["GET"]}}],"collection":[{"href":"https:\/\/artanya.si\/en\/wp-json\/wp\/v2\/pages"}],"about":[{"href":"https:\/\/artanya.si\/en\/wp-json\/wp\/v2\/types\/page"}],"author":[{"embeddable":true,"href":"https:\/\/artanya.si\/en\/wp-json\/wp\/v2\/users\/1"}],"replies":[{"embeddable":true,"href":"https:\/\/artanya.si\/en\/wp-json\/wp\/v2\/comments?post=50"}],"version-history":[{"count":16,"href":"https:\/\/artanya.si\/en\/wp-json\/wp\/v2\/pages\/50\/revisions"}],"predecessor-version":[{"id":50921,"href":"https:\/\/artanya.si\/en\/wp-json\/wp\/v2\/pages\/50\/revisions\/50921"}],"wp:attachment":[{"href":"https:\/\/artanya.si\/en\/wp-json\/wp\/v2\/media?parent=50"}],"curies":[{"name":"wp","href":"https:\/\/api.w.org\/{rel}","templated":true}]}}