{"id":48,"date":"2022-06-15T19:29:20","date_gmt":"2022-06-15T19:29:20","guid":{"rendered":"https:\/\/artanya.si\/?page_id=48"},"modified":"2025-02-18T15:32:23","modified_gmt":"2025-02-18T15:32:23","slug":"poroke","status":"publish","type":"page","link":"https:\/\/artanya.si\/en\/poroke\/","title":{"rendered":"Poroke"},"content":{"rendered":"<p>[et_pb_section fb_built=&#8221;1&#8243; fullwidth=&#8221;on&#8221; custom_padding_last_edited=&#8221;on|phone&#8221; _builder_version=&#8221;4.17.3&#8243; _module_preset=&#8221;default&#8221; background_color=&#8221;#E0B7B8&#8243; background_enable_pattern_style=&#8221;on&#8221; background_pattern_style=&#8221;tufted&#8221; background_pattern_color=&#8221;rgba(255,255,255,0.32)&#8221; custom_padding=&#8221;6em||||false|false&#8221; custom_padding_tablet=&#8221;3em||3em||true|false&#8221; custom_padding_phone=&#8221;1em||1em||true|false&#8221; global_colors_info=&#8221;{}&#8221;][et_pb_fullwidth_header title=&#8221;@ET-DC@eyJkeW5hbWljIjp0cnVlLCJjb250ZW50IjoicG9zdF90aXRsZSIsInNldHRpbmdzIjp7ImJlZm9yZSI6IiIsImFmdGVyIjoiIn19@&#8221; _builder_version=&#8221;4.17.3&#8243; _dynamic_attributes=&#8221;title&#8221; _module_preset=&#8221;default&#8221; title_letter_spacing=&#8221;2px&#8221; title_font_size_tablet=&#8221;&#8221; title_font_size_phone=&#8221;&#8221; title_font_size_last_edited=&#8221;on|phone&#8221; global_colors_info=&#8221;{}&#8221;][\/et_pb_fullwidth_header][\/et_pb_section][et_pb_section fb_built=&#8221;1&#8243; _builder_version=&#8221;4.17.3&#8243; _module_preset=&#8221;default&#8221; background_color=&#8221;RGBA(255,255,255,0)&#8221; custom_padding=&#8221;0px|0px|0px|0px|true|true&#8221; top_divider_color=&#8221;#FFFFFF&#8221; top_divider_height=&#8221;3em&#8221; global_colors_info=&#8221;{}&#8221;][et_pb_row custom_padding_last_edited=&#8221;off|tablet&#8221; _builder_version=&#8221;4.17.3&#8243; _module_preset=&#8221;default&#8221; background_color=&#8221;#FFFFFF&#8221; background_enable_pattern_style=&#8221;on&#8221; background_pattern_style=&#8221;tufted&#8221; background_pattern_color=&#8221;rgba(224,183,184,0.37)&#8221; background_pattern_transform=&#8221;flip_vertical&#8221; width_tablet=&#8221;&#8221; width_phone=&#8221;100%&#8221; width_last_edited=&#8221;on|phone&#8221; max_width=&#8221;100%&#8221; custom_margin=&#8221;-5em||||false|false&#8221; custom_padding=&#8221;2em|2em|2em|2em|true|true&#8221; border_width_all=&#8221;2px&#8221; border_color_all=&#8221;#E0B7B8&#8243; border_style_all=&#8221;dotted&#8221; global_colors_info=&#8221;{}&#8221;][et_pb_column type=&#8221;4_4&#8243; _builder_version=&#8221;4.17.3&#8243; _module_preset=&#8221;default&#8221; global_colors_info=&#8221;{}&#8221;][et_pb_text module_class=&#8221;pa-toggle-text&#8221; _builder_version=&#8221;4.17.3&#8243; _module_preset=&#8221;default&#8221; text_font=&#8221;Poppins|300|||||||&#8221; text_text_color=&#8221;#383838&#8243; text_font_size=&#8221;1.2rem&#8221; text_font_size_tablet=&#8221;1rem&#8221; text_font_size_phone=&#8221;1rem&#8221; text_font_size_last_edited=&#8221;on|tablet&#8221; global_colors_info=&#8221;{}&#8221;]<\/p>\n<p><span>Poroke so tiste, zaradi katerih ne spimo, zaradi katerih se veselimo, v\u010dasih tudi jo\u010demo od sre\u010de ali kar tako.<\/span><\/p>\n<p><span>V tem segmetnu na\u0161ega dela, najbolj u\u017eivamo in tu smo preprosto najbolj\u0161i.<\/span><\/p>\n<p><span>V poro\u010dni industriji smo \u017ee ve\u010d kot 10 let in smo pri\u010da trendom, ki so se drasti\u010dno menjali. In \u0161ele sedaj se zavedam, ko pi\u0161em tele vrstice.<\/span><\/p>\n<p><span>Tudi koncept porok se je popolnoma zamenjal.\u00a0 Pred desetletji je za poro\u010dni dan bil potreben \u0161opek, naprsnik, aran\u017ema za avto in aran\u017ema za cerkev, ki je najpogosteje bil tudi dekoracija na mizi od mladoporo\u010dencev. Danes je to cel koncept. Osebnega cvetje (nevesta, naprsnik, dru\u017eice) je bistveno ve\u010d. Skratka zelo ve\u010dji poudarek je na detaljih in pa raznih vsebinah. Veliko dekorativnih elementov je sedaj pomembno na dolo\u010denih lokacijah. Velilko se tudi povdarja, dejstvo, da gostom ne bi bilo dolg\u010das na poroki. Zato se veliko posve\u010damo dekoraciji in kreiranju raznih koti\u010dkov (otro\u0161ki, foto, sladki, vtisi, bar&#8230;..). Zelo zanimive in kreativne ideje pridejo ven, \u0161e sploh ko je poroka temati\u010dno obarvana. Kar je skoraj \u017ee vsaka!<\/span><\/p>\n<p><span>Ker poroke niso ve\u010d samo cvetje imamo \u017ee veliko scenografskih pripomo\u010dkov ki nam pomagajo da kreiramo sanjske lokacije.<\/span><\/p>\n<p><span>Skratka, prepustite se na\u0161i fotogaleriji in to\u010dno boste dojeli o \u010dem pi\u0161emo!<\/span><\/p>\n<p>[\/et_pb_text][\/et_pb_column][\/et_pb_row][\/et_pb_section][et_pb_section fb_built=&#8221;1&#8243; _builder_version=&#8221;4.17.3&#8243; _module_preset=&#8221;default&#8221; global_colors_info=&#8221;{}&#8221;][et_pb_row _builder_version=&#8221;4.17.3&#8243; _module_preset=&#8221;default&#8221; width_tablet=&#8221;90%&#8221; width_phone=&#8221;90%&#8221; width_last_edited=&#8221;on|phone&#8221; max_width=&#8221;100%&#8221; global_colors_info=&#8221;{}&#8221;][et_pb_column type=&#8221;4_4&#8243; _builder_version=&#8221;4.17.3&#8243; _module_preset=&#8221;default&#8221; global_colors_info=&#8221;{}&#8221;][et_pb_gallery _builder_version=&#8221;4.17.3&#8243; _module_preset=&#8221;default&#8221; gallery_ids=&#8221;50248,50247,50234,50225,32,50253,50437,50435,50426,50427,50404,50411,50409,50430,50431,50422,50416,50425,50424,50420,50418&#8243; posts_number=&#8221;21&#8243; show_title_and_caption=&#8221;off&#8221; orientation=&#8221;portrait&#8221; pac_drh_column_numbers_tablet=&#8221;pac_drh_tab_col_three&#8221; pac_drh_column_numbers_phone=&#8221;pac_drh_ph_col_two&#8221; hover_enabled=&#8221;0&#8243; sticky_enabled=&#8221;0&#8243;][\/et_pb_gallery][\/et_pb_column][\/et_pb_row][\/et_pb_section]<\/p>","protected":false},"excerpt":{"rendered":"<p>Poroke so tiste, zaradi katerih ne spimo, zaradi katerih se veselimo, v\u010dasih tudi jo\u010demo od sre\u010de ali kar tako. V tem segmetnu na\u0161ega dela, najbolj u\u017eivamo in tu smo preprosto najbolj\u0161i. V poro\u010dni industriji smo \u017ee ve\u010d kot 10 let in smo pri\u010da trendom, ki so se drasti\u010dno menjali. In \u0161ele sedaj se zavedam, ko [&hellip;]<\/p>","protected":false},"author":1,"featured_media":0,"parent":0,"menu_order":0,"comment_status":"closed","ping_status":"closed","template":"","meta":{"_et_pb_use_builder":"on","_et_pb_old_content":"<!-- wp:divi\/placeholder \/-->","_et_gb_content_width":"","footnotes":""},"class_list":["post-48","page","type-page","status-publish","hentry"],"_links":{"self":[{"href":"https:\/\/artanya.si\/en\/wp-json\/wp\/v2\/pages\/48","targetHints":{"allow":["GET"]}}],"collection":[{"href":"https:\/\/artanya.si\/en\/wp-json\/wp\/v2\/pages"}],"about":[{"href":"https:\/\/artanya.si\/en\/wp-json\/wp\/v2\/types\/page"}],"author":[{"embeddable":true,"href":"https:\/\/artanya.si\/en\/wp-json\/wp\/v2\/users\/1"}],"replies":[{"embeddable":true,"href":"https:\/\/artanya.si\/en\/wp-json\/wp\/v2\/comments?post=48"}],"version-history":[{"count":8,"href":"https:\/\/artanya.si\/en\/wp-json\/wp\/v2\/pages\/48\/revisions"}],"predecessor-version":[{"id":51056,"href":"https:\/\/artanya.si\/en\/wp-json\/wp\/v2\/pages\/48\/revisions\/51056"}],"wp:attachment":[{"href":"https:\/\/artanya.si\/en\/wp-json\/wp\/v2\/media?parent=48"}],"curies":[{"name":"wp","href":"https:\/\/api.w.org\/{rel}","templated":true}]}}