{"id":46,"date":"2022-06-15T19:29:14","date_gmt":"2022-06-15T19:29:14","guid":{"rendered":"https:\/\/artanya.si\/?page_id=46"},"modified":"2025-02-18T15:27:01","modified_gmt":"2025-02-18T15:27:01","slug":"rastline","status":"publish","type":"page","link":"https:\/\/artanya.si\/en\/rastline\/","title":{"rendered":"Rastline"},"content":{"rendered":"<p>[et_pb_section fb_built=&#8221;1&#8243; fullwidth=&#8221;on&#8221; custom_padding_last_edited=&#8221;on|phone&#8221; _builder_version=&#8221;4.17.3&#8243; _module_preset=&#8221;default&#8221; background_color=&#8221;#E0B7B8&#8243; background_enable_pattern_style=&#8221;on&#8221; background_pattern_style=&#8221;tufted&#8221; background_pattern_color=&#8221;rgba(255,255,255,0.32)&#8221; custom_padding=&#8221;6em||||false|false&#8221; custom_padding_tablet=&#8221;3em||3em||true|false&#8221; custom_padding_phone=&#8221;1em||1em||true|false&#8221; global_colors_info=&#8221;{}&#8221;][et_pb_fullwidth_header title=&#8221;@ET-DC@eyJkeW5hbWljIjp0cnVlLCJjb250ZW50IjoicG9zdF90aXRsZSIsInNldHRpbmdzIjp7ImJlZm9yZSI6IiIsImFmdGVyIjoiIn19@&#8221; _builder_version=&#8221;4.17.3&#8243; _dynamic_attributes=&#8221;title&#8221; _module_preset=&#8221;default&#8221; title_letter_spacing=&#8221;2px&#8221; title_font_size_tablet=&#8221;&#8221; title_font_size_phone=&#8221;&#8221; title_font_size_last_edited=&#8221;on|phone&#8221; global_colors_info=&#8221;{}&#8221;][\/et_pb_fullwidth_header][\/et_pb_section][et_pb_section fb_built=&#8221;1&#8243; _builder_version=&#8221;4.17.3&#8243; _module_preset=&#8221;default&#8221; background_color=&#8221;RGBA(255,255,255,0)&#8221; custom_padding=&#8221;0px|0px|0px|0px|true|true&#8221; top_divider_color=&#8221;#FFFFFF&#8221; top_divider_height=&#8221;3em&#8221; global_colors_info=&#8221;{}&#8221;][et_pb_row custom_padding_last_edited=&#8221;off|tablet&#8221; _builder_version=&#8221;4.17.3&#8243; _module_preset=&#8221;default&#8221; background_color=&#8221;#FFFFFF&#8221; background_enable_pattern_style=&#8221;on&#8221; background_pattern_style=&#8221;tufted&#8221; background_pattern_color=&#8221;rgba(224,183,184,0.37)&#8221; background_pattern_transform=&#8221;flip_vertical&#8221; width_tablet=&#8221;&#8221; width_phone=&#8221;100%&#8221; width_last_edited=&#8221;on|phone&#8221; max_width=&#8221;100%&#8221; custom_margin=&#8221;-5em||||false|false&#8221; custom_padding=&#8221;2em|2em|2em|2em|true|true&#8221; border_width_all=&#8221;2px&#8221; border_color_all=&#8221;#E0B7B8&#8243; border_style_all=&#8221;dotted&#8221; global_colors_info=&#8221;{}&#8221;][et_pb_column type=&#8221;4_4&#8243; _builder_version=&#8221;4.17.3&#8243; _module_preset=&#8221;default&#8221; global_colors_info=&#8221;{}&#8221;][et_pb_text _builder_version=&#8221;4.17.3&#8243; _module_preset=&#8221;default&#8221; text_font=&#8221;Poppins|300|||||||&#8221; text_text_color=&#8221;#383838&#8243; text_font_size=&#8221;1.2rem&#8221; text_font_size_tablet=&#8221;1rem&#8221; text_font_size_phone=&#8221;1rem&#8221; text_font_size_last_edited=&#8221;on|tablet&#8221; global_colors_info=&#8221;{}&#8221;]<\/p>\n<p><span>Sobne ro\u017ee so v zadnjih letih do\u017eivele kar revolucijo. Ne pomnim kdaj bi bile tako trendy stare rastline, ki so jih vzgajale na\u0161e babice. One so tiste, ki so nepogre\u0161ljiv del vsakega gospodinjstva, pisarne, trgovine&#8230;.<\/span><\/p>\n<p><span>Pri izbiri sobnih rastlin je pomembno veliko faktorjev, tudi pomembno je, kak\u0161ni smo mi kot oseba, ali le tisti ki bo rastlino prejel kot darilo. Nekateri imajo radi cveto\u010de rastline nekateri samo zelene, nekateri pa tiste s katerimi je najmanj dela. Se pravi,\u00a0 ko zbiramo rastline zase ali za druge, moramo biti previdni, ker ni za vsakogar tisto kar je nekomu lepo na o\u010di. Zavedati se moramo da so rastline \u017eive in da tudi one imajo svoje potrebe in zahteve. Najve\u010d pa potrebujejo dovolj ljubezni!<\/span><\/p>\n<p>[\/et_pb_text][\/et_pb_column][\/et_pb_row][\/et_pb_section][et_pb_section fb_built=&#8221;1&#8243; _builder_version=&#8221;4.17.3&#8243; _module_preset=&#8221;default&#8221; global_colors_info=&#8221;{}&#8221;][et_pb_row _builder_version=&#8221;4.17.3&#8243; _module_preset=&#8221;default&#8221; width_tablet=&#8221;90%&#8221; width_phone=&#8221;90%&#8221; width_last_edited=&#8221;on|phone&#8221; max_width=&#8221;100%&#8221; global_colors_info=&#8221;{}&#8221;][et_pb_column type=&#8221;4_4&#8243; _builder_version=&#8221;4.17.3&#8243; _module_preset=&#8221;default&#8221; global_colors_info=&#8221;{}&#8221;][et_pb_gallery _builder_version=&#8221;4.17.3&#8243; _module_preset=&#8221;default&#8221; gallery_ids=&#8221;51026,51025,51024,51023,51022,51021,51020,51019,51018,51017,51016&#8243; posts_number=&#8221;11&#8243; show_title_and_caption=&#8221;off&#8221; hover_enabled=&#8221;0&#8243; sticky_enabled=&#8221;0&#8243; orientation=&#8221;portrait&#8221; pac_drh_column_numbers_tablet=&#8221;pac_drh_tab_col_three&#8221; pac_drh_column_numbers_phone=&#8221;pac_drh_ph_col_two&#8221;][\/et_pb_gallery][\/et_pb_column][\/et_pb_row][\/et_pb_section]<\/p>","protected":false},"excerpt":{"rendered":"<p>Sobne ro\u017ee so v zadnjih letih do\u017eivele kar revolucijo. Ne pomnim kdaj bi bile tako trendy stare rastline, ki so jih vzgajale na\u0161e babice. One so tiste, ki so nepogre\u0161ljiv del vsakega gospodinjstva, pisarne, trgovine&#8230;. Pri izbiri sobnih rastlin je pomembno veliko faktorjev, tudi pomembno je, kak\u0161ni smo mi kot oseba, ali le tisti ki [&hellip;]<\/p>","protected":false},"author":1,"featured_media":0,"parent":0,"menu_order":0,"comment_status":"closed","ping_status":"closed","template":"","meta":{"_et_pb_use_builder":"on","_et_pb_old_content":"<!-- wp:divi\/placeholder \/-->","_et_gb_content_width":"","footnotes":""},"class_list":["post-46","page","type-page","status-publish","hentry"],"_links":{"self":[{"href":"https:\/\/artanya.si\/en\/wp-json\/wp\/v2\/pages\/46","targetHints":{"allow":["GET"]}}],"collection":[{"href":"https:\/\/artanya.si\/en\/wp-json\/wp\/v2\/pages"}],"about":[{"href":"https:\/\/artanya.si\/en\/wp-json\/wp\/v2\/types\/page"}],"author":[{"embeddable":true,"href":"https:\/\/artanya.si\/en\/wp-json\/wp\/v2\/users\/1"}],"replies":[{"embeddable":true,"href":"https:\/\/artanya.si\/en\/wp-json\/wp\/v2\/comments?post=46"}],"version-history":[{"count":6,"href":"https:\/\/artanya.si\/en\/wp-json\/wp\/v2\/pages\/46\/revisions"}],"predecessor-version":[{"id":51055,"href":"https:\/\/artanya.si\/en\/wp-json\/wp\/v2\/pages\/46\/revisions\/51055"}],"wp:attachment":[{"href":"https:\/\/artanya.si\/en\/wp-json\/wp\/v2\/media?parent=46"}],"curies":[{"name":"wp","href":"https:\/\/api.w.org\/{rel}","templated":true}]}}