{"id":42,"date":"2022-06-15T19:28:43","date_gmt":"2022-06-15T19:28:43","guid":{"rendered":"https:\/\/artanya.si\/?page_id=42"},"modified":"2025-02-18T15:21:58","modified_gmt":"2025-02-18T15:21:58","slug":"sopki-boxi","status":"publish","type":"page","link":"https:\/\/artanya.si\/en\/sopki-boxi\/","title":{"rendered":"\u0160opki, Boxi"},"content":{"rendered":"<p>[et_pb_section fb_built=&#8221;1&#8243; fullwidth=&#8221;on&#8221; custom_padding_last_edited=&#8221;on|phone&#8221; _builder_version=&#8221;4.17.3&#8243; _module_preset=&#8221;default&#8221; background_color=&#8221;#E0B7B8&#8243; background_enable_pattern_style=&#8221;on&#8221; background_pattern_style=&#8221;tufted&#8221; background_pattern_color=&#8221;rgba(255,255,255,0.32)&#8221; custom_padding=&#8221;6em||||false|false&#8221; custom_padding_tablet=&#8221;3em||3em||true|false&#8221; custom_padding_phone=&#8221;1em||1em||true|false&#8221; global_colors_info=&#8221;{}&#8221;][et_pb_fullwidth_header title=&#8221;@ET-DC@eyJkeW5hbWljIjp0cnVlLCJjb250ZW50IjoicG9zdF90aXRsZSIsInNldHRpbmdzIjp7ImJlZm9yZSI6IiIsImFmdGVyIjoiIn19@&#8221; _builder_version=&#8221;4.17.3&#8243; _dynamic_attributes=&#8221;title&#8221; _module_preset=&#8221;e17fca75-7aa2-4c89-83d6-7fee62691a9d&#8221; title_letter_spacing=&#8221;2px&#8221; title_font_size_tablet=&#8221;&#8221; title_font_size_phone=&#8221;&#8221; title_font_size_last_edited=&#8221;on|phone&#8221; global_colors_info=&#8221;{}&#8221;][\/et_pb_fullwidth_header][\/et_pb_section][et_pb_section fb_built=&#8221;1&#8243; _builder_version=&#8221;4.17.3&#8243; _module_preset=&#8221;default&#8221; background_color=&#8221;RGBA(255,255,255,0)&#8221; custom_padding=&#8221;0px|0px|0px|0px|true|true&#8221; top_divider_color=&#8221;#FFFFFF&#8221; top_divider_height=&#8221;3em&#8221; global_colors_info=&#8221;{}&#8221;][et_pb_row custom_padding_last_edited=&#8221;off|tablet&#8221; _builder_version=&#8221;4.17.3&#8243; _module_preset=&#8221;default&#8221; background_color=&#8221;#FFFFFF&#8221; background_enable_pattern_style=&#8221;on&#8221; background_pattern_style=&#8221;tufted&#8221; background_pattern_color=&#8221;rgba(224,183,184,0.37)&#8221; background_pattern_transform=&#8221;flip_vertical&#8221; width_tablet=&#8221;&#8221; width_phone=&#8221;100%&#8221; width_last_edited=&#8221;on|phone&#8221; max_width=&#8221;100%&#8221; custom_margin=&#8221;-5em||||false|false&#8221; custom_padding=&#8221;2em|2em|2em|2em|true|true&#8221; border_width_all=&#8221;2px&#8221; border_color_all=&#8221;#E0B7B8&#8243; border_style_all=&#8221;dotted&#8221; global_colors_info=&#8221;{}&#8221;][et_pb_column type=&#8221;4_4&#8243; _builder_version=&#8221;4.17.3&#8243; _module_preset=&#8221;default&#8221; global_colors_info=&#8221;{}&#8221;][et_pb_text _builder_version=&#8221;4.17.3&#8243; _module_preset=&#8221;default&#8221; text_font=&#8221;Poppins|300|||||||&#8221; text_text_color=&#8221;#383838&#8243; text_font_size=&#8221;1.2rem&#8221; text_font_size_tablet=&#8221;1rem&#8221; text_font_size_phone=&#8221;1rem&#8221; text_font_size_last_edited=&#8221;on|tablet&#8221; global_colors_info=&#8221;{}&#8221;]<\/p>\n<p><span lang=\"SL\">Cvetje je tisto, ki nam nari\u0161e nasmeh na obraz, nam polep\u0161a dan in zapolni vsak pust koti\u010dek v na\u0161em domu. V Artanyi vam nudimo dnevno sve\u017ee \u0161opke, boxe, ki jih ustvarimo ravno po va\u0161i meri, \u017eelji. Bodisi barvite, umirjene, pastelne, divje ali pa \u010disto po na\u0161em navdihu. Vse skozi spremljamo trende v floristiki in najraj\u0161i se poslu\u017eujemo sezonskega cvetja.<\/span><\/p>\n<p>[\/et_pb_text][\/et_pb_column][\/et_pb_row][\/et_pb_section][et_pb_section fb_built=&#8221;1&#8243; _builder_version=&#8221;4.17.3&#8243; _module_preset=&#8221;default&#8221; global_colors_info=&#8221;{}&#8221;][et_pb_row _builder_version=&#8221;4.17.3&#8243; _module_preset=&#8221;default&#8221; width_tablet=&#8221;90%&#8221; width_phone=&#8221;90%&#8221; width_last_edited=&#8221;on|phone&#8221; max_width=&#8221;100%&#8221; global_colors_info=&#8221;{}&#8221;][et_pb_column type=&#8221;4_4&#8243; _builder_version=&#8221;4.17.3&#8243; _module_preset=&#8221;default&#8221; global_colors_info=&#8221;{}&#8221;][et_pb_gallery _builder_version=&#8221;4.17.3&#8243; _module_preset=&#8221;default&#8221; gallery_ids=&#8221;50806,50805,50804,50803,50802,50801,50800,50799,50798,50797,50796,50795,50794,50793,50548,50547,50389,50388,50387,50386,50385,50384,50383,50382,50381,50380,50379,50378&#8243; posts_number=&#8221;28&#8243; show_title_and_caption=&#8221;off&#8221; hover_enabled=&#8221;0&#8243; sticky_enabled=&#8221;0&#8243; pac_drh_column_numbers_tablet=&#8221;pac_drh_tab_col_three&#8221; pac_drh_column_numbers_phone=&#8221;pac_drh_ph_col_two&#8221; custom_padding=&#8221;||||false|false&#8221; custom_margin=&#8221;||||false|false&#8221; orientation=&#8221;portrait&#8221;][\/et_pb_gallery][\/et_pb_column][\/et_pb_row][\/et_pb_section]<\/p>","protected":false},"excerpt":{"rendered":"<p>Cvetje je tisto, ki nam nari\u0161e nasmeh na obraz, nam polep\u0161a dan in zapolni vsak pust koti\u010dek v na\u0161em domu. V Artanyi vam nudimo dnevno sve\u017ee \u0161opke, boxe, ki jih ustvarimo ravno po va\u0161i meri, \u017eelji. Bodisi barvite, umirjene, pastelne, divje ali pa \u010disto po na\u0161em navdihu. Vse skozi spremljamo trende v floristiki in najraj\u0161i [&hellip;]<\/p>","protected":false},"author":1,"featured_media":0,"parent":0,"menu_order":0,"comment_status":"closed","ping_status":"closed","template":"","meta":{"_et_pb_use_builder":"on","_et_pb_old_content":"<!-- wp:divi\/placeholder \/-->","_et_gb_content_width":"","footnotes":""},"class_list":["post-42","page","type-page","status-publish","hentry"],"_links":{"self":[{"href":"https:\/\/artanya.si\/en\/wp-json\/wp\/v2\/pages\/42","targetHints":{"allow":["GET"]}}],"collection":[{"href":"https:\/\/artanya.si\/en\/wp-json\/wp\/v2\/pages"}],"about":[{"href":"https:\/\/artanya.si\/en\/wp-json\/wp\/v2\/types\/page"}],"author":[{"embeddable":true,"href":"https:\/\/artanya.si\/en\/wp-json\/wp\/v2\/users\/1"}],"replies":[{"embeddable":true,"href":"https:\/\/artanya.si\/en\/wp-json\/wp\/v2\/comments?post=42"}],"version-history":[{"count":22,"href":"https:\/\/artanya.si\/en\/wp-json\/wp\/v2\/pages\/42\/revisions"}],"predecessor-version":[{"id":51052,"href":"https:\/\/artanya.si\/en\/wp-json\/wp\/v2\/pages\/42\/revisions\/51052"}],"wp:attachment":[{"href":"https:\/\/artanya.si\/en\/wp-json\/wp\/v2\/media?parent=42"}],"curies":[{"name":"wp","href":"https:\/\/api.w.org\/{rel}","templated":true}]}}