{"id":3,"date":"2022-04-06T19:56:00","date_gmt":"2022-04-06T19:56:00","guid":{"rendered":"https:\/\/artanya.si\/?page_id=3"},"modified":"2022-11-22T22:32:59","modified_gmt":"2022-11-22T22:32:59","slug":"zasebnost","status":"publish","type":"page","link":"https:\/\/artanya.si\/en\/zasebnost\/","title":{"rendered":"Zasebnost"},"content":{"rendered":"<p>[et_pb_section fb_built=&#8221;1&#8243; fullwidth=&#8221;on&#8221; custom_padding_last_edited=&#8221;on|phone&#8221; _builder_version=&#8221;4.17.3&#8243; _module_preset=&#8221;default&#8221; background_color=&#8221;#E0B7B8&#8243; background_enable_pattern_style=&#8221;on&#8221; background_pattern_style=&#8221;tufted&#8221; background_pattern_color=&#8221;rgba(255,255,255,0.32)&#8221; custom_margin=&#8221;||||false|false&#8221; custom_padding=&#8221;6em||2em||false|false&#8221; custom_padding_tablet=&#8221;3em||3em||true|false&#8221; custom_padding_phone=&#8221;1em||1em||true|false&#8221; hover_enabled=&#8221;0&#8243; global_colors_info=&#8221;{}&#8221; sticky_enabled=&#8221;0&#8243;][\/et_pb_section][et_pb_section fb_built=&#8221;1&#8243; _builder_version=&#8221;4.17.3&#8243; _module_preset=&#8221;default&#8221; global_colors_info=&#8221;{}&#8221;][et_pb_row _builder_version=&#8221;4.17.3&#8243; _module_preset=&#8221;default&#8221; background_enable_color=&#8221;off&#8221; max_width=&#8221;100%&#8221; custom_padding=&#8221;|1em||1em|false|true&#8221; border_width_left=&#8221;5px&#8221; border_color_left=&#8221;#E0B7B8&#8243; global_colors_info=&#8221;{}&#8221;][et_pb_column type=&#8221;4_4&#8243; _builder_version=&#8221;4.17.3&#8243; _module_preset=&#8221;default&#8221; global_colors_info=&#8221;{}&#8221;][et_pb_text _builder_version=&#8221;4.17.3&#8243; _module_preset=&#8221;default&#8221; text_font=&#8221;DM Serif Display|300|||||||&#8221; text_text_color=&#8221;#383838&#8243; text_font_size=&#8221;4rem&#8221; link_font=&#8221;Poppins|600|||||||&#8221; link_text_color=&#8221;#383838&#8243; link_font_size=&#8221;1rem&#8221; text_font_size_tablet=&#8221;4rem&#8221; text_font_size_phone=&#8221;2rem&#8221; text_font_size_last_edited=&#8221;on|phone&#8221; global_colors_info=&#8221;{}&#8221;]<\/p>\n<p>Zasebnost<\/p>\n<p>[\/et_pb_text][\/et_pb_column][\/et_pb_row][et_pb_row _builder_version=&#8221;4.17.3&#8243; _module_preset=&#8221;default&#8221; max_width=&#8221;100%&#8221; global_colors_info=&#8221;{}&#8221;][et_pb_column type=&#8221;4_4&#8243; _builder_version=&#8221;4.17.3&#8243; _module_preset=&#8221;default&#8221; global_colors_info=&#8221;{}&#8221;][et_pb_text _builder_version=&#8221;4.17.3&#8243; _module_preset=&#8221;default&#8221; text_font=&#8221;Poppins|300|||||||&#8221; text_text_color=&#8221;#383838&#8243; text_font_size=&#8221;1rem&#8221; link_font=&#8221;Poppins|600|||||||&#8221; link_text_color=&#8221;#383838&#8243; link_font_size=&#8221;1rem&#8221; global_colors_info=&#8221;{}&#8221;]<\/p>\n<p><span><strong>Politika zasebnosti in varstvo osebnih\u00a0podatkov<\/strong><\/span><\/p>\n<p><strong>Politika\u00a0zasebnosti<\/strong><\/p>\n<p>Na spletni strani in spletni trgovini <strong>Artanya.si<\/strong> se zavedamo pomembnosti pravice do zasebnosti. S podatki posameznikov zato ravnamo skrbno in odgovorno, pri obdelavi pa spo\u0161tujemo dolo\u010dila evropske Uredbe na podro\u010dju varstva osebnih podatkov ter Zakona o varstvu osebnih podatkov. Vpra\u0161anja v zvezi z obdelovanjem podatkov nam lahko posredujete na elektronski naslov: <a href=\"mailto:info@artanya.si\">info@artanya.si<\/a> .<\/p>\n<p><strong>Upravljavec osebnih\u00a0podatkov<\/strong><\/p>\n<p><strong>Artanya, Tanja Der\u017eani\u010d s.p., <\/strong><em>(v.n. Artanya.si)<\/em><br \/><strong>Kolodvorska c. 22, 8340 \u010crnomelj<\/strong><br \/><strong>Dav\u010dna \u0161tevilka:<\/strong> 33641021<span class=\"i-drugo-copy text-blue float-right\" data-toggle=\"tooltip\" data-placement=\"top\" title=\"\" data-original-title=\"Kopiraj podatke.\"> <br \/><\/span><strong>Mati\u010dna:<\/strong> 8650314000<br \/><strong>Tel.:<\/strong> 040 329 593<br \/><strong>Email:<\/strong> <a href=\"mailto:info@artanya.si\">info@artanya.si <\/a>\u00a0|\u00a0 <a href=\"mailto:tanja.derzanic@gmail.com\">tanja.derzanic@gmail.com<\/a><\/p>\n<p>Upravljavec zagotavlja, da osebne podatke uporabnikov (kupcev) in vse ostale podatke, zbrane v postopku obiska spletne strani, registracije ali spletnega nakupa \u0161\u010diti pred razkritjem in posredovanjem nepoobla\u0161\u010denim tretjim osebam. Vsi osebni podatki uporabnikov (kupcev) so zaupni.<\/p>\n<p><strong>Pravna podlaga za obdelavo osebnih\u00a0podatkov<\/strong><\/p>\n<p>Va\u0161e osebne podatke obdelujemo skladno s Splo\u0161no uredbo o varstvu osebnih podatkov (GDPR), Zakonom o varstvu osebnih podatkov in ostalimi predpisi, ki urejajo podro\u010dje varstva osebnih podatkov. <strong>Artanya.si<\/strong>, kot upravljavec va\u0161ih osebnih podatkov, nekatere osebne podatke obdeluje le na podlagi va\u0161e predhodne privolitve, med tem ko je obdelava nekaterih osebnih podatkov potrebna za izvajanje pogodbe, izpolnjevanje zakonskih obveznosti ali izkazan zakonit interes upravljavca. Na kateri pravni podlagi obdelujemo va\u0161e podatke si lahko preberete v nadaljevanju:<\/p>\n<p><strong>Izvajanje\u00a0pogodbe<\/strong><\/p>\n<p>V primeru, da ste na\u0161a stranka in pri nas opravite nakup, je posredovanje va\u0161ih podatkov pogodbena obveznost. Podatke bomo v tem primeru obdelovali le za namen izpolnjevanja pravic in obveznosti, ki izhajajo iz pogodbe (npr. dostava blaga, izvedba naro\u010dila, komunikacija povezana z nakupom, obvestila o ugodnostih spletne\u00a0trgovine\u2026).<\/p>\n<p><strong>Soglasje<\/strong><\/p>\n<p>\u010ce za obdelavo va\u0161ih podatkov nimamo druge ustrezne pravne podlage, moramo pred obdelavo podatkov za vsak posamezen namen pridobiti va\u0161e soglasje. Tako na podlagi va\u0161ega soglasja va\u0161e osebne podatke obdelujemo za namen neposrednega tr\u017eenja, pri \u010demer lahko podano soglasje kadarkoli\u00a0prekli\u010dete.<span>\u00a0<\/span><\/p>\n<p><strong>Zbiranje, uporaba in hramba osebnih\u00a0podatkov<\/strong><\/p>\n<p>Skladno z na\u010delom sorazmernosti, o vas zbiramo samo tiste podatke, ki jih potrebujemo za dosego namena, ki ga z obdelavo zasledujemo. V katerih primerih obdelujemo va\u0161e osebne podatke, katere podatke ter za kak\u0161ne namene si preberite v\u00a0nadaljevanju.<\/p>\n<ul>\n<li><strong>Ob obisku spletne trgovine<\/strong><\/li>\n<\/ul>\n<p>Ob obisku spletne trgovine <strong>artanya.si<\/strong> preko pi\u0161kotkov obdelujemo nekatere va\u0161e podatke (IP naslov, nastavitve brskalnika, vsebine, do katerih dostopate na spletni strani <strong>www.artanya.si<\/strong>, datum dostopa in trajanje obiska) za nemoteno in pravilno delovanje spletne strani, izbolj\u0161anje izkustvene komponente spletne strani ter analize uporabnikov na spletnem mestu.<\/p>\n<p>Podatki, ki jih obdelujemo, se obdelujejo na podlagi na\u0161ega zakonitega interesa ali va\u0161ega soglasja, \u010de ga\u00a0podate.<\/p>\n<ul>\n<li><strong>Ob registraciji v spletno trgovino<\/strong><\/li>\n<\/ul>\n<p>V primeru, da \u017eelite postati registrirani uporabnik spletne trgovine <strong>artanya.si,<\/strong> nam morate posredovati naslednje osebne podatke: ime, priimek, dr\u017eava, ulica, po\u0161tna \u0161tevilka, mesto, telefon, elektronski naslov in geslo. V primeru, da nam podatkov ne posredujete, ne morete ustvariti ra\u010duna in postati registrirani uporabnik. Kot registrirani uporabnik lahko nakupe opravite hitreje in brez vsakokratnega posredovanja va\u0161ih osebnih podatkov, ki jih potrebujemo za izvedbo nakupa. V primeru, da opravite nakup kot registrirani uporabnik, lahko spremljate pretekle nakupe v na\u0161i spletni trgovini.<\/p>\n<p>Ob registraciji v spletni trgovini <strong>artanya.si<\/strong>, upravljavec, poleg podatkov, ki jih posredujete v registracijskem obrazcu obdeluje tudi podatke o datumu registracije, datumu zadnjega obiska, v primeru spletnega nakupa pa tudi podatke o nakupih.<\/p>\n<p>Va\u0161i osebni podatki se obdelujejo le za namen vodenja va\u0161ega uporabni\u0161kega\u00a0profila.<\/p>\n<ul>\n<li><strong>Ob spletnem nakupu<br \/><\/strong><span>Pri spletnem nakupu se za potrebe izvedbe naro\u010dila o vas obdelujejo naslednji osebni podatki:<\/span><\/li>\n<\/ul>\n<ul>\n<ul>\n<li>elektronski naslov,<\/li>\n<li>ime,<\/li>\n<li>priimek,<\/li>\n<li>naslov,<\/li>\n<li>mesto,<\/li>\n<li>po\u0161tna \u0161tevilka,<\/li>\n<li>dr\u017eava,<\/li>\n<li>kontaktni telefon,<\/li>\n<li>kupljeni artikel in znesek,<\/li>\n<li>skupni znesek naro\u010dila,<\/li>\n<li>na\u010din dostave,<\/li>\n<li>na\u010din pla\u010dila.<\/li>\n<\/ul>\n<\/ul>\n<p>Zagotovitev podatkov je pogodbena obveznost, podatki pa se obdelujejo za namen obdelave va\u0161ega naro\u010dila: dokon\u010danje in potrditev naro\u010dila, priprava izdelka, dostava izdelka, re\u0161evanje reklamacij in druga, z nakupom povezana komunikacija. V primeru, da podatkov ne zagotovite, ne moremo izpolniti obveznosti, ki izhajajo iz\u00a0naro\u010dila.<\/p>\n<p>Do nekaterih va\u0161ih osebnih podatkov, ki jih posredujete pri spletnem nakupu lahko dostopajo tudi tretje osebe, in sicer bomo va\u0161e podatke,ki so potrebni za dostavo, posredovali poslovnim partnerjem, ki bodo v na\u0161em imenu dostavili\u00a0blago.<\/p>\n<p><strong>\u010cas hrambe\u00a0podatkov<\/strong><\/p>\n<p>Va\u0161e osebne podatke hranimo toliko \u010dasa, kolikor je potrebno za izpolnitev namena, zaradi katerega se podatki obdelujejo. Po poteku tega \u010dasa va\u0161e podatke zbri\u0161emo, uni\u010dimo, blokiramo ali\u00a0anonimiziramo.<\/p>\n<p>V dolo\u010denih primerih \u010das hrambe podatkov dolo\u010da zakonodaja, zato se podatki hranijo tako dolgo, kolikor je to potrebno zaradi izpolnjevanja zakonskih\u00a0obveznosti.<\/p>\n<p>V primeru, da se va\u0161i podatki obdelujejo za namen izvajanja pogodbe, se podatki hranijo ves \u010das trajanja pogodbenega razmerja ter na podlagi zakonitega interesa \u0161e toliko \u010dasa, kolikor je mogo\u010de uveljavljati morebitne pravne zahtevke iz naslova\u00a0pogodbe.<\/p>\n<p>Podatke, ki jih obdelujemo na podlagi va\u0161ega soglasja hranimo do preklica va\u0161ega soglasja oziroma do va\u0161e zahteve za izbris\u00a0podatkov.<span>\u00a0<\/span><\/p>\n<p><strong>Pravice v zvezi z obdelavo osebnih\u00a0podatkov<\/strong><\/p>\n<p>V zvezi z obdelavo osebnih podatkov imate pravico do dostopa do podatkov, pravico do popravka in dopolnitve nepopolnih osebnih podatkov, izbrisa, omejitve obdelave, pravico do prenosljivosti podatkov ter pravico do ugovora. Zahtevo za uveljavljanje omenjenih pravic lahko posredujete na elektronski naslov\u00a0\u00a0<a href=\"mailto:info@fotoprint.si\">info@artanya.si<\/a> .<\/p>\n<p>Kadar osebne podatke obdelujemo na podlagi va\u0161e privolitve imate tudi pravico, da kadarkoli za\u010dasno ali trajno prekli\u010dete svojo privolitev v obdelavo osebnih podatkov, ne da bi to vplivalo na zakonitost obdelave podatkov, ki se je na podlagi privolitve izvajala do\u00a0preklica.<\/p>\n<ul>\n<li><strong>Pravica do dostopa do podatkov<\/strong><\/li>\n<\/ul>\n<p>V okviru pravice do dostopa imate pravico od nas dobiti potrditev ali obdelujemo va\u0161e osebne podatke, zahtevati dostop do podatkov, ki jih o vas obdelujemo in dobiti informacije o tem za katere namene se podatki obdelujejo, katere vrste osebnih podatkov, kdo so morebitni uporabniki, koliko \u010dasa jih hranimo, v primeru, da smo podatke dobili od druge osebe, tudi podatek o viru podatkov, ter podatek o avtomatiziranemu sprejemanju\u00a0odlo\u010ditev.<\/p>\n<ul>\n<li><strong>Pravica do popravka<\/strong><\/li>\n<\/ul>\n<p>V primeru, da so podatki, ki jih o vas obdelujemo, neto\u010dni ali nepopolni, imate pravico zahtevati popravek oziroma dopolnitev\u00a0podatkov.<\/p>\n<ul>\n<li><strong>Pravica do izbrisa<\/strong><\/li>\n<\/ul>\n<p>V dolo\u010denih primerih imate pravico dose\u010di, da zbri\u0161emo va\u0161e podatke. To lahko dose\u017eete v naslednjih\u00a0primerih:<\/p>\n<ul>\n<ul>\n<li>Kadar podatki niso ve\u010d potrebni za namene, za katere so bili zbrani.<\/li>\n<li>Kadar prekli\u010dete privolitev v obdelavo podatkov in za obdelavo podatkov ne obstaja nobena druga pravna podlaga.<\/li>\n<li>Kadar ste uveljavili pravico do ugovora obdelavi osebnih podatkov, ki jih obdelujemo na podlagi zakonitega interesa.<\/li>\n<li>V primeru nezakonite obdelave osebnih podatkov.<\/li>\n<\/ul>\n<\/ul>\n<ul>\n<li><strong>Pravica do omejitve obdelave<\/strong><\/li>\n<\/ul>\n<p>V zvezi z obdelavo va\u0161ih osebnih podatkov imate tudi pravico, da zahtevate omejitev obdelave osebnih podatkov, v okviru katere za\u010dasno prenehamo z obdelavo va\u0161ih osebnih podatkov,\u00a0\u010de:<\/p>\n<ul>\n<ul>\n<li>Oporekate to\u010dnosti podatkov.<\/li>\n<li>Je obdelava nezakonita ter namesto izbrisa podatkov zahtevate omejitev uporabe podatkov.<\/li>\n<li>Podatkov za namene obdelave ve\u010d ne potrebujemo, jih pa potrebujete vi za uveljavljanje, izvajanje ali obrambo pravnih zahtevkov.<\/li>\n<li>Ste vlo\u017eili ugovor v zvezi z obdelavo podatkov.<span>\u00a0<\/span><\/li>\n<\/ul>\n<\/ul>\n<ul>\n<li><strong>Pravica do prenosljivosti podatkov<\/strong><\/li>\n<\/ul>\n<p>Kadar va\u0161e osebne podatke obdelujemo na podlagi soglasja ali pogodbe z avtomatiziranimi sredstvi imate pravico, da prejmete svoje osebne podatke v strukturirani, splo\u0161no uporabljani in strojno berljivi obliki ter jih posredujete drugemu\u00a0upravljavcu.<\/p>\n<ul>\n<li><strong>Pravica do prito\u017ebe<\/strong><\/li>\n<\/ul>\n<p>\u010ce menite, da z obdelavo osebnih podatkov kr\u0161imo dolo\u010dila na podro\u010dju varstva osebnih podatkov, imate pravico vlo\u017eiti tudi prito\u017ebo pri Informacijskemu poobla\u0161\u010dencu na naslov: Dunajska 22, 1000 Ljubljana, e-naslov: gp.ip@ip-rs.si, telefon: 012309730, spletna stran:\u00a0www.ip-rs.si.<\/p>\n<p><strong>Avtomatizirano sprejemanje odlo\u010ditev in\u00a0profiliranje<\/strong><\/p>\n<p>Va\u0161i osebni podatki niso predmet avtomatiziranega sprejemanja odlo\u010ditev, prav tako pa tudi niso predmet oblikovanja\u00a0profilov.<\/p>\n<p><strong>Drugi uporabniki osebnih\u00a0podatkov<\/strong><\/p>\n<p>V dolo\u010denih primerih in izklju\u010dno ob izkazani ustrezni pravni podlagi, se lahko va\u0161i podatki razkrijejo tudi tretjim\u00a0osebam.<\/p>\n<p>Va\u0161e osebne podatke lahko tako v primerih, ki so dolo\u010deni s predpisi, posredujemo javnim organom, \u010de je to potrebno za izpolnjevanje na\u0161ih zakonskih obveznosti ali pa opravljanje njihovih uradnih dol\u017enosti, kot so policija, sodi\u0161\u010de, dav\u010dni organi in\u00a0drugi.<\/p>\n<p>Za dosego zgoraj navedenih namenov obdelave podatkov so lahko va\u0161i podatki razkriti tudi na\u0161im pogodbenim obdelovalcem, ki v na\u0161em imenu in pod na\u0161imi navodili obdelujejo va\u0161e osebne podatke. To so npr. vzdr\u017eevalci programov in stre\u017enikov ter ponudniki obla\u010dnih storitev, kjer se hranijo va\u0161i podatki, dostavljavci, ponudniki ogla\u0161evalskih storitev, itd.). Pogodbeni obdelovalci va\u0161ih osebnih podatkov ne bodo uporabljali za svoje namene ali jih brez na\u0161ega soglasja posredovali tretjim osebam. Zagotavljamo vam, da v okviru obdelave osebnih podatkov sodelujemo izklju\u010dno z zaupanja vrednimi partnerji, ki bodo va\u0161e podatke obdelovali le z najvi\u0161jo stopnjo\u00a0varnosti.<\/p>\n<p>[\/et_pb_text][\/et_pb_column][\/et_pb_row][\/et_pb_section]<\/p>","protected":false},"excerpt":{"rendered":"<p>ZasebnostPolitika zasebnosti in varstvo osebnih\u00a0podatkov Politika\u00a0zasebnosti Na spletni strani in spletni trgovini Artanya.si se zavedamo pomembnosti pravice do zasebnosti. S podatki posameznikov zato ravnamo skrbno in odgovorno, pri obdelavi pa spo\u0161tujemo dolo\u010dila evropske Uredbe na podro\u010dju varstva osebnih podatkov ter Zakona o varstvu osebnih podatkov. Vpra\u0161anja v zvezi z obdelovanjem podatkov nam lahko posredujete na [&hellip;]<\/p>","protected":false},"author":1,"featured_media":0,"parent":0,"menu_order":0,"comment_status":"closed","ping_status":"open","template":"","meta":{"_et_pb_use_builder":"on","_et_pb_old_content":"<!-- wp:heading -->\n<h2>Who we are<\/h2>\n<!-- \/wp:heading -->\n\n<!-- wp:paragraph -->\n<p><strong class=\"privacy-policy-tutorial\">Suggested text: <\/strong>Our website address is: https:\/\/artanya.si.<\/p>\n<!-- \/wp:paragraph -->\n\n<!-- wp:heading -->\n<h2>Comments<\/h2>\n<!-- \/wp:heading -->\n\n<!-- wp:paragraph -->\n<p><strong class=\"privacy-policy-tutorial\">Suggested text: <\/strong>When visitors leave comments on the site we collect the data shown in the comments form, and also the visitor\u2019s IP address and browser user agent string to help spam detection.<\/p>\n<!-- \/wp:paragraph -->\n\n<!-- wp:paragraph -->\n<p>An anonymized string created from your email address (also called a hash) may be provided to the Gravatar service to see if you are using it. The Gravatar service privacy policy is available here: https:\/\/automattic.com\/privacy\/. After approval of your comment, your profile picture is visible to the public in the context of your comment.<\/p>\n<!-- \/wp:paragraph -->\n\n<!-- wp:heading -->\n<h2>Media<\/h2>\n<!-- \/wp:heading -->\n\n<!-- wp:paragraph -->\n<p><strong class=\"privacy-policy-tutorial\">Suggested text: <\/strong>If you upload images to the website, you should avoid uploading images with embedded location data (EXIF GPS) included. Visitors to the website can download and extract any location data from images on the website.<\/p>\n<!-- \/wp:paragraph -->\n\n<!-- wp:heading -->\n<h2>Cookies<\/h2>\n<!-- \/wp:heading -->\n\n<!-- wp:paragraph -->\n<p><strong class=\"privacy-policy-tutorial\">Suggested text: <\/strong>If you leave a comment on our site you may opt-in to saving your name, email address and website in cookies. These are for your convenience so that you do not have to fill in your details again when you leave another comment. These cookies will last for one year.<\/p>\n<!-- \/wp:paragraph -->\n\n<!-- wp:paragraph -->\n<p>If you visit our login page, we will set a temporary cookie to determine if your browser accepts cookies. This cookie contains no personal data and is discarded when you close your browser.<\/p>\n<!-- \/wp:paragraph -->\n\n<!-- wp:paragraph -->\n<p>When you log in, we will also set up several cookies to save your login information and your screen display choices. Login cookies last for two days, and screen options cookies last for a year. If you select \"Remember Me\", your login will persist for two weeks. If you log out of your account, the login cookies will be removed.<\/p>\n<!-- \/wp:paragraph -->\n\n<!-- wp:paragraph -->\n<p>If you edit or publish an article, an additional cookie will be saved in your browser. This cookie includes no personal data and simply indicates the post ID of the article you just edited. It expires after 1 day.<\/p>\n<!-- \/wp:paragraph -->\n\n<!-- wp:heading -->\n<h2>Embedded content from other websites<\/h2>\n<!-- \/wp:heading -->\n\n<!-- wp:paragraph -->\n<p><strong class=\"privacy-policy-tutorial\">Suggested text: <\/strong>Articles on this site may include embedded content (e.g. videos, images, articles, etc.). Embedded content from other websites behaves in the exact same way as if the visitor has visited the other website.<\/p>\n<!-- \/wp:paragraph -->\n\n<!-- wp:paragraph -->\n<p>These websites may collect data about you, use cookies, embed additional third-party tracking, and monitor your interaction with that embedded content, including tracking your interaction with the embedded content if you have an account and are logged in to that website.<\/p>\n<!-- \/wp:paragraph -->\n\n<!-- wp:heading -->\n<h2>Who we share your data with<\/h2>\n<!-- \/wp:heading -->\n\n<!-- wp:paragraph -->\n<p><strong class=\"privacy-policy-tutorial\">Suggested text: <\/strong>If you request a password reset, your IP address will be included in the reset email.<\/p>\n<!-- \/wp:paragraph -->\n\n<!-- wp:heading -->\n<h2>How long we retain your data<\/h2>\n<!-- \/wp:heading -->\n\n<!-- wp:paragraph -->\n<p><strong class=\"privacy-policy-tutorial\">Suggested text: <\/strong>If you leave a comment, the comment and its metadata are retained indefinitely. This is so we can recognize and approve any follow-up comments automatically instead of holding them in a moderation queue.<\/p>\n<!-- \/wp:paragraph -->\n\n<!-- wp:paragraph -->\n<p>For users that register on our website (if any), we also store the personal information they provide in their user profile. All users can see, edit, or delete their personal information at any time (except they cannot change their username). Website administrators can also see and edit that information.<\/p>\n<!-- \/wp:paragraph -->\n\n<!-- wp:heading -->\n<h2>What rights you have over your data<\/h2>\n<!-- \/wp:heading -->\n\n<!-- wp:paragraph -->\n<p><strong class=\"privacy-policy-tutorial\">Suggested text: <\/strong>If you have an account on this site, or have left comments, you can request to receive an exported file of the personal data we hold about you, including any data you have provided to us. You can also request that we erase any personal data we hold about you. This does not include any data we are obliged to keep for administrative, legal, or security purposes.<\/p>\n<!-- \/wp:paragraph -->\n\n<!-- wp:heading -->\n<h2>Where we send your data<\/h2>\n<!-- \/wp:heading -->\n\n<!-- wp:paragraph -->\n<p><strong class=\"privacy-policy-tutorial\">Suggested text: <\/strong>Visitor comments may be checked through an automated spam detection service.<\/p>\n<!-- \/wp:paragraph -->","_et_gb_content_width":"1080","footnotes":""},"class_list":["post-3","page","type-page","status-publish","hentry"],"_links":{"self":[{"href":"https:\/\/artanya.si\/en\/wp-json\/wp\/v2\/pages\/3","targetHints":{"allow":["GET"]}}],"collection":[{"href":"https:\/\/artanya.si\/en\/wp-json\/wp\/v2\/pages"}],"about":[{"href":"https:\/\/artanya.si\/en\/wp-json\/wp\/v2\/types\/page"}],"author":[{"embeddable":true,"href":"https:\/\/artanya.si\/en\/wp-json\/wp\/v2\/users\/1"}],"replies":[{"embeddable":true,"href":"https:\/\/artanya.si\/en\/wp-json\/wp\/v2\/comments?post=3"}],"version-history":[{"count":8,"href":"https:\/\/artanya.si\/en\/wp-json\/wp\/v2\/pages\/3\/revisions"}],"predecessor-version":[{"id":50942,"href":"https:\/\/artanya.si\/en\/wp-json\/wp\/v2\/pages\/3\/revisions\/50942"}],"wp:attachment":[{"href":"https:\/\/artanya.si\/en\/wp-json\/wp\/v2\/media?parent=3"}],"curies":[{"name":"wp","href":"https:\/\/api.w.org\/{rel}","templated":true}]}}